{"id":225788,"date":"2022-12-06T15:25:53","date_gmt":"2022-12-06T14:25:53","guid":{"rendered":"https:\/\/stage-autoshow.samuraidev.ch\/mentions-legales\/"},"modified":"2026-04-10T10:47:44","modified_gmt":"2026-04-10T08:47:44","slug":"mentions-legales","status":"publish","type":"page","link":"https:\/\/stage-autoshow.samuraidev.ch\/fr\/mentions-legales\/","title":{"rendered":"Mentions l\u00e9gales"},"content":{"rendered":"\n<div class=\"wp-block-group md-group\"><div class=\"wp-block-group__inner-container is-layout-constrained wp-block-group-is-layout-constrained\">\t<div class=\"breadcrumbs-section container\">\n\t\t<ul class=\"breadcrumb\">\n\t\t\t<li class=\"breadcrumb-item\"><a property=\"item\" typeof=\"WebPage\" title=\"Go to Autoshow Aathal AG.\" href=\"https:\/\/stage-autoshow.samuraidev.ch\/fr\/\" class=\"home\"><span property=\"name\">Start\u00adseite<\/span><\/a><meta property=\"position\" content=\"1\"><\/li><li class=\"breadcrumb-item\"><a property=\"item\" typeof=\"WebPage\" title=\"Go to Actualit\u00e9s.\" href=\"https:\/\/stage-autoshow.samuraidev.ch\/fr\/actualites\/\" class=\"post-root post post-post\" aria-current=\"page\"><span property=\"name\">Actu\u00adal\u00adit\u00e9s<\/span><\/a><meta property=\"position\" content=\"2\"><\/li>\t\t<\/ul>\n\t<\/div>\n<!-- \/.breadcrumbs-section -->\n\n\n<div class=\"page-title-section container\">\n\t\t\t<h1>Mentions l\u00e9gales<\/h1>\n\t<\/div>\n<!-- \/.page-title-section -->\n\n\n\n<div class=\"wp-block-columns is-layout-flex wp-container-core-columns-is-layout-9d6595d7 wp-block-columns-is-layout-flex\">\n<div class=\"wp-block-column is-layout-flow wp-block-column-is-layout-flow\" style=\"flex-basis:70%\">\n<h2 class=\"wp-block-heading\">Soci\u00e9t\u00e9 et copyright<\/h2>\n\n\n\n<p>Le copy\u00adright de l\u2019ensemble des con\u00adtenus de ce site web appar\u00adtient \u00e0 :<\/p>\n\n\n\n<p>Autoshow Aathal AG<\/p>\n\n\n\n<hr class=\"wp-block-separator has-alpha-channel-opacity is-style-wide\">\n\n\n\n<div class=\"wp-block-columns is-layout-flex wp-container-core-columns-is-layout-9d6595d7 wp-block-columns-is-layout-flex\">\n<div class=\"wp-block-column is-layout-flow wp-block-column-is-layout-flow\">\n<h3 class=\"wp-block-heading\">Adresse postale :<\/h3>\n\n\n\n<p>Autoshow Aathal AG<br>Z\u00fcrich\u00adstrasse 47<br>CH-8607 Aathal<\/p>\n\n\n\n<h3 class=\"wp-block-heading\">Contact<\/h3>\n\n\n\n<p>T\u00e9l\u00e9\u00adphone : +41 44 933 00 00<br>E\u2011mail : <a>info@autoshow.ch<\/a><\/p>\n\n\n\n<h4 class=\"wp-block-heading\">REPR\u00c9SENT\u00c9 PAR :<\/h4>\n\n\n\n<p>Patrick Liechti<br>Directeur g\u00e9n\u00e9ral<\/p>\n<\/div>\n\n\n\n<div class=\"wp-block-column is-layout-flow wp-block-column-is-layout-flow\">\n<h4 class=\"wp-block-heading\">Inscription au registre<\/h4>\n\n\n\n<p>Can\u00adton de Zurich <a class href=\"https:\/\/www.uid.admin.ch\/Detail.aspx?uid_id=CHE100438087\" target=\"_blank\" rel=\"noreferrer noopener\"><br><\/a>CHE-100.438.087<\/p>\n\n\n\n<h4 class=\"wp-block-heading\">Num\u00e9ro d\u2019identification TVA<\/h4>\n\n\n\n<p>CHE-100.438.087<\/p>\n<\/div>\n<\/div>\n\n\n\n<hr class=\"wp-block-separator has-alpha-channel-opacity is-style-wide\">\n\n\n\n<div class=\"wp-block-columns is-layout-flex wp-container-core-columns-is-layout-9d6595d7 wp-block-columns-is-layout-flex\">\n<div class=\"wp-block-column is-layout-flow wp-block-column-is-layout-flow\">\n<h2 class=\"wp-block-heading\">Informations sur le site web<\/h2>\n\n\n\n<h3 class=\"wp-block-heading\">Conception et design<\/h3>\n\n\n\n<p><a href=\"http:\/\/art.jsabelleforrer.ch\/\" target=\"_blank\" rel=\"noreferrer noopener\">Jsabelle For\u00adrer<\/a><br><strong>Illus\u00adtra\u00adtion, graphisme et web\u00adde\u00adsign<\/strong><\/p>\n<\/div>\n\n\n\n<div class=\"wp-block-column is-layout-flow wp-block-column-is-layout-flow\">\n<h2 class=\"wp-block-heading\">Conception, d\u00e9veloppement web<br>et r\u00e9alisation<\/h2>\n\n\n\n<p><a href=\"https:\/\/www.websamurai.ch\/\" target=\"_blank\" rel=\"noreferrer noopener\">Web\u00adsa\u00admu\u00adrai AG<\/a><br>Schachenalle 29<br>5000 Aarau<\/p>\n\n\n\n<p><a href=\"https:\/\/www.websamurai.ch\/\" target=\"_blank\" rel=\"noreferrer noopener\">Web\u00adsa\u00admu\u00adrai AG<\/a><br>Seestrasse 95<br>8800 Thal\u00adwil<\/p>\n<\/div>\n<\/div>\n\n\n\n<hr class=\"wp-block-separator has-alpha-channel-opacity is-style-wide\">\n\n\n\n<h2 class=\"wp-block-heading\">Informations relatives au droit d\u2019auteur<\/h2>\n\n\n\n<p>Le copy\u00adright de l\u2019ensemble des con\u00adtenus de ce site web appar\u00adtient \u00e0 Autoshow Aathal AG.<\/p>\n\n\n\n<h3 class=\"wp-block-heading\">Responsable des contenus journalistiques et r\u00e9dactionnels Autoshow Aathal AG :<\/h3>\n\n\n\n<p>Tous les textes et liens ont \u00e9t\u00e9 soigneuse\u00adment v\u00e9ri\u00adfi\u00e9s et sont mis \u00e0 jour en con\u00adtinu. Nous nous effor\u00e7ons de fournir sur ce site web des infor\u00adma\u00adtions cor\u00adrectes et com\u00adpl\u00e8tes, mais n\u2019assumons aucune respon\u00ads\u00adabil\u00adit\u00e9, garantie ou oblig\u00ada\u00adtion quant au fait que les infor\u00adma\u00adtions mis\u00ades \u00e0 dis\u00adpo\u00adsi\u00adtion par ce site web soient cor\u00adrectes, com\u00adpl\u00e8tes ou \u00e0 jour. Nous nous r\u00e9ser\u00advons le droit de mod\u00adi\u00adfi\u00ader \u00e0 tout moment et sans pr\u00e9avis les infor\u00adma\u00adtions fig\u00adu\u00adrant sur ce site web et ne nous enga\u00adgeons pas non plus \u00e0 met\u00adtre \u00e0 jour les infor\u00adma\u00adtions qu\u2019il con\u00adtient. Tous les liens vers des prestataires externes ont \u00e9t\u00e9 v\u00e9ri\u00adfi\u00e9s quant \u00e0 leur exac\u00adti\u00adtude au moment de leur int\u00e9\u00adgra\u00adtion ; toute\u00adfois, nous ne sauri\u00adons \u00eatre tenus respon\u00ads\u00adables du con\u00adtenu et de la disponi\u00adbil\u00adit\u00e9 des sites web acces\u00adsi\u00adbles via des hyper\u00adliens. La respon\u00ads\u00adabil\u00adit\u00e9 des con\u00adtenus ill\u00e9\u00adgaux, erron\u00e9s ou incom\u00adplets, et notam\u00adment des dom\u00admages r\u00e9sul\u00adtant des con\u00adtenus de pages li\u00e9es, incombe exclu\u00adsive\u00adment au four\u00adnisseur du site vers lequel il a \u00e9t\u00e9 ren\u00advoy\u00e9. Peu importe que le dom\u00admage soit de nature directe, indi\u00adrecte ou finan\u00adci\u00e8re, ou qu\u2019il s\u2019agisse de tout autre dom\u00admage pou\u00advant r\u00e9sul\u00adter d\u2019une perte de don\u00adn\u00e9es, d\u2019une indisponi\u00adbil\u00adit\u00e9 d\u2019utilisation ou d\u2019autres caus\u00ades de toute nature.     <\/p>\n\n\n\n<h3 class=\"wp-block-heading\">Information conform\u00e9ment \u00e0 la VSBG<\/h3>\n\n\n\n<p>Con\u00adfor\u00adm\u00e9\u00adment \u00e0 la VSBG (Ver\u00adbrauch\u00ader\u00adstre\u00adit\u00adbei\u00adle\u00adgungs\u00adge\u00adsetz \u2013 loi sur le r\u00e8gle\u00adment alter\u00adnatif des lit\u00adiges de con\u00adsom\u00adma\u00adtion), l\u2019exploitant de ce site web d\u00e9clare :<\/p>\n\n\n\n<p>Nous ne sommes ni dis\u00adpos\u00e9s ni tenus de par\u00adticiper \u00e0 une proc\u00e9\u00addure de r\u00e8gle\u00adment des lit\u00adiges devant un organ\u00adisme de m\u00e9di\u00ada\u00adtion des con\u00adsom\u00adma\u00adteurs.<\/p>\n\n\n\n<h2 class=\"wp-block-heading\">D\u00e9claration de confidentialit\u00e9<\/h2>\n\n\n\n<p>Pour en savoir plus, veuillez lire notre <a href=\"https:\/\/stage-autoshow.samuraidev.ch\/fr\/politique-de-confidentialite\/\">d\u00e9c\u00adla\u00adra\u00adtion de con\u00adfi\u00adden\u00adtial\u00adit\u00e9<\/a><\/p>\n<\/div>\n\n\n\n<div class=\"wp-block-column is-layout-flow wp-block-column-is-layout-flow\" style=\"flex-basis:30%\">\t\n\t\t\n\n\t\t<div class=\"person-box bg-gray\">\n\t\t<h3>Comment puis-je vous aider davantage ?<\/h3>\n\t\t<figure class=\"photo-box\">\n\t\t\t<img decoding=\"async\" src=\"https:\/\/stage-autoshow.samuraidev.ch\/wp-content\/uploads\/2022\/12\/patrick-liechti-autoshow-aathal-ag.jpg\" alt=\"Patrick Liechti\" class=\"lazyload\" loading=\"lazy\">\n\t\t<\/figure>\n\t\t<h4>Patrick Liechti<\/h4>\n\t\t<p class=\"role\">Gesch\u00e4ft\u00adsleitung<\/p>\n\t\t<p class=\"employee-langs\"><\/p>\n\t\t<ul class=\"contact-btns type2\">\n\t\t\t\t\t\t<li class=\"person-box-email\">\n\t\t\t\t<a href=\"mailto:pl@autoshow.ch\">\n\t\t\t\t\t<i class=\"fa-regular fa-envelope\" aria-hidden=\"true\"><\/i>\n\t\t\t\t\t<span class=\"tooltip-item\">pl@autoshow.ch<\/span>\n\t\t\t\t<\/a>\n\t\t\t<\/li>\n\t\t\t\t\t\t<li class=\"person-box-phone\">\n\t\t\t\t<a href=\"tel:41449330010\">\n\t\t\t\t\t<i class=\"fa fa-phone\" aria-hidden=\"true\"><\/i>\n\t\t\t\t\t<span class=\"tooltip-item\">+41 44 933 00 10<\/span>\n\t\t\t\t<\/a>\n\t\t\t<\/li>\n\t\t\t\t\t\t<li class=\"person-box-whatsapp\" style=\"display:none\">\n\t\t\t\t<a href=\"https:\/\/api.whatsapp.com\/send?phone=\">\n\t\t\t\t\t<span class=\"icon\"><i class=\"fa-brands fa-whatsapp\"><\/i><\/span>\n\t\t\t\t\t<span class=\"tooltip-item\"><\/span>\n\t\t\t\t<\/a>\n\t\t\t<\/li>\n\t\t<\/ul>\n\t\t\t<\/div>\n<\/div>\n<\/div>\n<\/div><\/div>\n","protected":false},"excerpt":{"rendered":"<p>Soci\u00e9t\u00e9 et copy\u00adright Le copy\u00adright de l\u2019ensemble des con\u00adtenus de ce site web appar\u2026<\/p>\n","protected":false},"author":31,"featured_media":0,"parent":0,"menu_order":90,"comment_status":"closed","ping_status":"closed","template":"","meta":{"_acf_changed":false,"inline_featured_image":false,"wp_typography_post_enhancements_disabled":false,"footnotes":""},"class_list":["post-225788","page","type-page","status-publish","hentry"],"acf":[],"yoast_head":"<!-- This site is optimized with the Yoast SEO plugin v27.4 - https:\/\/yoast.com\/product\/yoast-seo-wordpress\/ -->\n<title>Mentions l\u00e9gales d\u2019Autoshow Aathal AG<\/title>\n<meta name=\"description\" content=\"En savoir plus sur les mentions l\u00e9gales d\u2019Autoshow Aathal AG et les informations juridiques relatives aux contenus et au copyright.\" \/>\n<meta name=\"robots\" content=\"noindex, follow, max-snippet:-1, max-image-preview:large, max-video-preview:-1\" \/>\n<meta property=\"og:locale\" content=\"fr_FR\" \/>\n<meta property=\"og:type\" content=\"article\" \/>\n<meta property=\"og:title\" content=\"Mentions l\u00e9gales d\u2019Autoshow Aathal AG\" \/>\n<meta property=\"og:description\" content=\"En savoir plus sur les mentions l\u00e9gales d\u2019Autoshow Aathal AG et les informations juridiques relatives aux contenus et au copyright.\" \/>\n<meta property=\"og:url\" content=\"https:\/\/stage-autoshow.samuraidev.ch\/fr\/mentions-legales\/\" \/>\n<meta property=\"og:site_name\" content=\"Autoshow Aathal AG\" \/>\n<meta property=\"article:publisher\" content=\"https:\/\/www.facebook.com\/autoshow.ch\" \/>\n<meta property=\"article:modified_time\" content=\"2026-04-10T08:47:44+00:00\" \/>\n<meta property=\"og:image\" content=\"https:\/\/stage-autoshow.samuraidev.ch\/wp-content\/uploads\/2025\/12\/autoshow-aathal-ag-logo@1200x675.png\" \/>\n\t<meta property=\"og:image:width\" content=\"1200\" \/>\n\t<meta property=\"og:image:height\" content=\"675\" \/>\n\t<meta property=\"og:image:type\" content=\"image\/png\" \/>\n<meta name=\"twitter:card\" content=\"summary_large_image\" \/>\n<!-- \/ Yoast SEO plugin. -->","yoast_head_json":{"title":"Mentions l\u00e9gales d\u2019Autoshow Aathal AG","description":"En savoir plus sur les mentions l\u00e9gales d\u2019Autoshow Aathal AG et les informations juridiques relatives aux contenus et au copyright.","robots":{"index":"noindex","follow":"follow","max-snippet":"max-snippet:-1","max-image-preview":"max-image-preview:large","max-video-preview":"max-video-preview:-1"},"og_locale":"fr_FR","og_type":"article","og_title":"Mentions l\u00e9gales d\u2019Autoshow Aathal AG","og_description":"En savoir plus sur les mentions l\u00e9gales d\u2019Autoshow Aathal AG et les informations juridiques relatives aux contenus et au copyright.","og_url":"https:\/\/stage-autoshow.samuraidev.ch\/fr\/mentions-legales\/","og_site_name":"Autoshow Aathal AG","article_publisher":"https:\/\/www.facebook.com\/autoshow.ch","article_modified_time":"2026-04-10T08:47:44+00:00","og_image":[{"width":1200,"height":675,"url":"https:\/\/stage-autoshow.samuraidev.ch\/wp-content\/uploads\/2025\/12\/autoshow-aathal-ag-logo@1200x675.png","type":"image\/png"}],"twitter_card":"summary_large_image","schema":{"@context":"https:\/\/schema.org","@graph":[{"@type":"WebPage","@id":"https:\/\/stage-autoshow.samuraidev.ch\/fr\/mentions-legales\/","url":"https:\/\/stage-autoshow.samuraidev.ch\/fr\/mentions-legales\/","name":"Mentions l\u00e9gales d\u2019Autoshow Aathal AG","isPartOf":{"@id":"https:\/\/stage-autoshow.samuraidev.ch\/fr\/#website"},"datePublished":"2022-12-06T14:25:53+00:00","dateModified":"2026-04-10T08:47:44+00:00","description":"En savoir plus sur les mentions l\u00e9gales d\u2019Autoshow Aathal AG et les informations juridiques relatives aux contenus et au copyright.","breadcrumb":{"@id":"https:\/\/stage-autoshow.samuraidev.ch\/fr\/mentions-legales\/#breadcrumb"},"inLanguage":"fr-FR","potentialAction":[{"@type":"ReadAction","target":["https:\/\/stage-autoshow.samuraidev.ch\/fr\/mentions-legales\/"]}]},{"@type":"BreadcrumbList","@id":"https:\/\/stage-autoshow.samuraidev.ch\/fr\/mentions-legales\/#breadcrumb","itemListElement":[{"@type":"ListItem","position":1,"name":"Startseite","item":"https:\/\/stage-autoshow.samuraidev.ch\/fr\/"},{"@type":"ListItem","position":2,"name":"Mentions l\u00e9gales"}]},{"@type":"WebSite","@id":"https:\/\/stage-autoshow.samuraidev.ch\/fr\/#website","url":"https:\/\/stage-autoshow.samuraidev.ch\/fr\/","name":"Autoshow Aathal AG","description":"bei Uster bietet g\u00fcnstige Occasionen und Neuwagen","publisher":{"@id":"https:\/\/stage-autoshow.samuraidev.ch\/fr\/#organization"},"alternateName":"Autoshow Aathal","potentialAction":[{"@type":"SearchAction","target":{"@type":"EntryPoint","urlTemplate":"https:\/\/stage-autoshow.samuraidev.ch\/fr\/?s={search_term_string}"},"query-input":{"@type":"PropertyValueSpecification","valueRequired":true,"valueName":"search_term_string"}}],"inLanguage":"fr-FR"},{"@type":"Organization","@id":"https:\/\/stage-autoshow.samuraidev.ch\/fr\/#organization","name":"Autoshow Aathal AG","alternateName":"Autoshow Aathal","url":"https:\/\/stage-autoshow.samuraidev.ch\/fr\/","logo":{"@type":"ImageObject","inLanguage":"fr-FR","@id":"https:\/\/stage-autoshow.samuraidev.ch\/fr\/#\/schema\/logo\/image\/","url":"https:\/\/stage-autoshow.samuraidev.ch\/wp-content\/uploads\/2025\/12\/autoshow-aathal-ag-logo@696x696.png","contentUrl":"https:\/\/stage-autoshow.samuraidev.ch\/wp-content\/uploads\/2025\/12\/autoshow-aathal-ag-logo@696x696.png","width":696,"height":696,"caption":"Autoshow Aathal AG"},"image":{"@id":"https:\/\/stage-autoshow.samuraidev.ch\/fr\/#\/schema\/logo\/image\/"},"sameAs":["https:\/\/www.facebook.com\/autoshow.ch","https:\/\/www.instagram.com\/autoshow_aathal\/","https:\/\/www.linkedin.com\/company\/autoshow-aathal-ag","https:\/\/www.youtube.com\/user\/AutoshowAathal"]}]}},"_links":{"self":[{"href":"https:\/\/stage-autoshow.samuraidev.ch\/fr\/wp-json\/wp\/v2\/pages\/225788","targetHints":{"allow":["GET"]}}],"collection":[{"href":"https:\/\/stage-autoshow.samuraidev.ch\/fr\/wp-json\/wp\/v2\/pages"}],"about":[{"href":"https:\/\/stage-autoshow.samuraidev.ch\/fr\/wp-json\/wp\/v2\/types\/page"}],"author":[{"embeddable":true,"href":"https:\/\/stage-autoshow.samuraidev.ch\/fr\/wp-json\/wp\/v2\/users\/31"}],"replies":[{"embeddable":true,"href":"https:\/\/stage-autoshow.samuraidev.ch\/fr\/wp-json\/wp\/v2\/comments?post=225788"}],"version-history":[{"count":2,"href":"https:\/\/stage-autoshow.samuraidev.ch\/fr\/wp-json\/wp\/v2\/pages\/225788\/revisions"}],"predecessor-version":[{"id":228284,"href":"https:\/\/stage-autoshow.samuraidev.ch\/fr\/wp-json\/wp\/v2\/pages\/225788\/revisions\/228284"}],"wp:attachment":[{"href":"https:\/\/stage-autoshow.samuraidev.ch\/fr\/wp-json\/wp\/v2\/media?parent=225788"}],"curies":[{"name":"wp","href":"https:\/\/api.w.org\/{rel}","templated":true}]}}