{"id":225971,"date":"2022-11-22T11:00:23","date_gmt":"2022-11-22T10:00:23","guid":{"rendered":"https:\/\/stage-autoshow.samuraidev.ch\/entreprise\/"},"modified":"2026-04-16T09:13:17","modified_gmt":"2026-04-16T07:13:17","slug":"entreprise","status":"publish","type":"page","link":"https:\/\/stage-autoshow.samuraidev.ch\/fr\/entreprise\/","title":{"rendered":"Entreprise"},"content":{"rendered":"\t<header class=\"visual-title\">\n\t\t\t\t\t<img decoding=\"async\" class=\"lazyload\" src=\"https:\/\/stage-autoshow.samuraidev.ch\/wp-content\/uploads\/2026\/04\/unternehmen-autoshow-aathal-ag-10.jpeg\" alt=\"Unternehmen - Autoshow Aathal AG bei Uster bietet g\u00fcnstige Occasionen und Neuwagen 9\" loading=\"lazy\">\n\t\t\t\t\n\t\t\t\t\t\n\n\n\n\t<\/header><!-- \/ visual-title -->\n\t<div class=\"breadcrumbs-section container\">\n\t\t<ul class=\"breadcrumb\">\n\t\t\t<li class=\"breadcrumb-item\"><a property=\"item\" typeof=\"WebPage\" title=\"Go to Autoshow Aathal AG.\" href=\"https:\/\/stage-autoshow.samuraidev.ch\/fr\/\" class=\"home\"><span property=\"name\">Start\u00adseite<\/span><\/a><meta property=\"position\" content=\"1\"><\/li><li class=\"breadcrumb-item\"><a property=\"item\" typeof=\"WebPage\" title=\"Go to Actualit\u00e9s.\" href=\"https:\/\/stage-autoshow.samuraidev.ch\/fr\/actualites\/\" class=\"post-root post post-post\" aria-current=\"page\"><span property=\"name\">Actu\u00adal\u00adit\u00e9s<\/span><\/a><meta property=\"position\" content=\"2\"><\/li>\t\t<\/ul>\n\t<\/div>\n<!-- \/.breadcrumbs-section -->\n<div class=\"page-title-section container\">\n\t\t\t<h1>Entreprise<\/h1>\n\t<\/div>\n<!-- \/.page-title-section -->\n\t\n\t\t\t<div class=\"text-section spacing-type-2 no-background\">\n\t\t<div class=\"container\">\n\t\t\t<div class=\"row\">\n\t\t\t\t<div class=\"col-md-4\">\n\t\t\t\t\t\t\t\t\t\t\t<h2>Bienvenue<br>\nchez Autoshow Aathal AG<br>\n<\/h2>\n\t\t\t\t\t\t\t\t\t\t\t\t\t\t\t\n\t\t\t\t\t\t\t\t\t\n\t\t\t\t<\/div>\n\t\t\t\t\t\t\t\t\t<div class=\"col-md-4\">\n\t\t\t\t\t\t\t\t\t\t\t\t\t<p><strong>Depuis des ann\u00e9es, Autoshow Aathal AG est syn\u00adonyme de qual\u00adit\u00e9, de fia\u00adbil\u00adit\u00e9 et de pas\u00adsion pour l\u2019au\u00adto\u00admo\u00adbile. M\u00eame si nous ne sommes pas le plus grand four\u00adnisseur, nous pour\u00adsuiv\u00adons con\u00adstam\u00adment notre objec\u00adtif d\u2019\u00eatre tou\u00adjours un peu meilleurs \u2013 plus per\u00adson\u00adnels, plus engag\u00e9s et plus proches du client. <\/strong><\/p>\n<p>En tant que dis\u00adcounter auto\u00admo\u00adbile mod\u00aderne, nous com\u00adbi\u00adnons des offres attrac\u00adtives avec des con\u00adseils com\u00adp\u00e9\u00adtents et un ser\u00advice sur lequel vous pou\u00advez compter. Notre force ne r\u00e9side pas seule\u00adment dans notre offre de v\u00e9hicules, mais surtout dans notre \u00e9quipe : exp\u00e9ri\u00admen\u00adt\u00e9e, motiv\u00e9e et dot\u00e9e d\u2019un v\u00e9ri\u00adta\u00adble sens des besoins de nos clients. <\/p>\n\t\t\t\t\t\t\t\t\t\t\t\t\t\t\t\t\t<\/div>\n\t\t\t\t\t<div class=\"col-md-4\">\n\t\t\t\t\t\t\t\t\t\t\t\t\t<p>Autoshow Aathal AG est une entre\u00adprise aux valeurs claires, aux hi\u00e9rar\u00adchies plates et aux cir\u00adcuits de d\u00e9ci\u00adsion courts. Cela nous per\u00admet d\u2019a\u00adgir avec flex\u00adi\u00adbil\u00adit\u00e9 et d\u2019of\u00adfrir \u00e0 nos clients la meilleure solu\u00adtion pos\u00adsi\u00adble \u00e0 tout moment. <\/p>\n<p>En tant que mem\u00adbre de l\u2019Eu\u00adro\u00adpean Asso\u00adci\u00ada\u00adtion of Inde\u00adpen\u00addent Vehi\u00adcle Traders et parte\u00adnaire vRB, nous assumons \u00e9gale\u00adment nos respon\u00ads\u00adabil\u00adit\u00e9s \u2013 pour la qual\u00adit\u00e9 du com\u00admerce et pour des solu\u00adtions durables en mati\u00e8re d\u2019\u00e9lim\u00adi\u00adna\u00adtion des v\u00e9hicules.<\/p>\n<p>Apprenez \u00e0 nous con\u00adna\u00eetre \u2013 nous nous r\u00e9jouis\u00adsons de votre vis\u00adite.<\/p>\n\t\t\t\t\t\t\t\t\t\t\t\t\t\t\t\t\t<\/div>\n\t\t\t\t\t\t\t<\/div>\n\t\t<\/div>\n\t<\/div>\n\t<!-- \/ text-section -->\n\t<section class=\"service-section\">\n\t\t<div class=\"container\">\n\t\t\t<div class=\"row\">\n\t\t\t\t<div class=\"col-md-6 col-lg-4\">\n\t\t\t\t\t<div class=\"text-holder\">\n\t\t\t\t\t\t\t\t\t\t\t\t\t<h2 class=\"h3\">HISTOIRE<\/h2>\n\t\t\t\t\t\t\t\t\t\t\t\t\t\t\t\t\t\t\t<p>Autoshow Aathal AG n\u2019est peut-\u00eatre pas le \u00ab P \u00bblus grand des dis\u00adcoun\u00adters auto\u00admo\u00adbiles, mais elle est tou\u00adjours garantie \u00ab P \u00bblus per\u00adfor\u00admante ! \u00ab AAA \u00bb Autoshow Aathal est \u00ab D \u00bbiff\u00e9rente : \u00ab E \u00bbxigeante et \u00ab A \u00bbmbitieuse. <\/p>\n\t\t\t\t\t\t\t\t\t\t\t\t\t\t\t\t\t\t\t<a href=\"https:\/\/stage-autoshow.samuraidev.ch\/fr\/entreprise\/histoire\/\" target=\"_self\" class=\"btn btn-primary\">EN SAVOIR PLUS<\/a>\n\t\t\t\t\t\t\t\t\t\t\t<\/div>\n\t\t\t\t<\/div>\n\t\t\t\t<div class=\"col-md-6 col-lg-8\">\n\t\t\t\t\t\t\t\t\t\t\t<figure class=\"img-holder\">\n\t\t\t\t\t\t\t<img decoding=\"async\" src=\"https:\/\/stage-autoshow.samuraidev.ch\/wp-content\/uploads\/2026\/04\/unternehmen-autoshow-aathal-ag-14.jpeg\" alt=\"Unternehmen - Autoshow Aathal AG bei Uster bietet g\u00fcnstige Occasionen und Neuwagen 13\" loading=\"lazy\" class=\"lazyload\">\n\t\t\t\t\t\t<\/figure>\n\t\t\t\t\t\t\t\t\t<\/div>\n\t\t\t<\/div>\n\t\t<\/div>\n\t<\/section>\n\t<!-- \/.service-section -->\n\t<section class=\"service-section reverse\">\n\t\t<div class=\"container\">\n\t\t\t<div class=\"row\">\n\t\t\t\t<div class=\"col-md-6 col-lg-4\">\n\t\t\t\t\t<div class=\"text-holder\">\n\t\t\t\t\t\t\t\t\t\t\t\t\t<h2 class=\"h3\">\u00c9QUIPE<\/h2>\n\t\t\t\t\t\t\t\t\t\t\t\t\t\t\t\t\t\t\t<p>Venez nous ren\u00addre vis\u00adite d\u00e8s aujour\u00add\u2019hui et lais\u00adsez-vous con\u00adva\u00adin\u00adcre par la com\u00adp\u00e9\u00adtence avec laque\u00adlle notre \u00e9quipe Autoshow Aathal vous con\u00adseille. Autoshow Aathal AG est com\u00adpos\u00e9e de 14 col\u00adlab\u00ado\u00adra\u00adteurs au total. La col\u00adlab\u00ado\u00adra\u00adtion de longue date et les cir\u00adcuits de d\u00e9ci\u00adsion sans hi\u00e9rar\u00adchie se refl\u00e8\u00adtent dans la qual\u00adit\u00e9 des con\u00adseils et du ser\u00advice.  <\/p>\n\t\t\t\t\t\t\t\t\t\t\t\t\t\t\t\t\t\t\t<a href=\"https:\/\/stage-autoshow.samuraidev.ch\/fr\/entreprise\/equipe\/\" target=\"_self\" class=\"btn btn-primary\">EN SAVOIR PLUS<\/a>\n\t\t\t\t\t\t\t\t\t\t\t<\/div>\n\t\t\t\t<\/div>\n\t\t\t\t<div class=\"col-md-6 col-lg-8\">\n\t\t\t\t\t\t\t\t\t\t\t<figure class=\"img-holder\">\n\t\t\t\t\t\t\t<img decoding=\"async\" src=\"https:\/\/stage-autoshow.samuraidev.ch\/wp-content\/uploads\/2026\/04\/unternehmen-autoshow-aathal-ag-12.jpeg\" alt=\"Unternehmen - Autoshow Aathal AG bei Uster bietet g\u00fcnstige Occasionen und Neuwagen 11\" loading=\"lazy\" class=\"lazyload\">\n\t\t\t\t\t\t<\/figure>\n\t\t\t\t\t\t\t\t\t<\/div>\n\t\t\t<\/div>\n\t\t<\/div>\n\t<\/section>\n\t<!-- \/.service-section -->\n\t<section class=\"service-section\">\n\t\t<div class=\"container\">\n\t\t\t<div class=\"row\">\n\t\t\t\t<div class=\"col-md-6 col-lg-4\">\n\t\t\t\t\t<div class=\"text-holder\">\n\t\t\t\t\t\t\t\t\t\t\t\t\t<h2 class=\"h3\">EMPLOIS<\/h2>\n\t\t\t\t\t\t\t\t\t\t\t\t\t\t\t\t\t\t\t<p>Autoshow Aathal AG repose sur des col\u00adlab\u00ado\u00adra\u00adteurs motiv\u00e9s et fiables, ain\u00adsi que sur une \u00e9quipe soud\u00e9e et ami\u00adcale. Nous pub\u00adlions ici nos postes vacants. Les can\u00addi\u00adda\u00adtures spon\u00adtan\u00e9es sont tou\u00adjours les bien\u00adv\u00adenues !  <\/p>\n\t\t\t\t\t\t\t\t\t\t\t\t\t\t\t\t\t\t\t<a href=\"https:\/\/stage-autoshow.samuraidev.ch\/fr\/entreprise\/emplois\/\" target=\"_self\" class=\"btn btn-primary\">EN SAVOIR PLUS<\/a>\n\t\t\t\t\t\t\t\t\t\t\t<\/div>\n\t\t\t\t<\/div>\n\t\t\t\t<div class=\"col-md-6 col-lg-8\">\n\t\t\t\t\t\t\t\t\t\t\t<figure class=\"img-holder\">\n\t\t\t\t\t\t\t<img decoding=\"async\" src=\"https:\/\/stage-autoshow.samuraidev.ch\/wp-content\/uploads\/2026\/04\/unternehmen-autoshow-aathal-ag-13.jpeg\" alt=\"Unternehmen - Autoshow Aathal AG bei Uster bietet g\u00fcnstige Occasionen und Neuwagen 12\" loading=\"lazy\" class=\"lazyload\">\n\t\t\t\t\t\t<\/figure>\n\t\t\t\t\t\t\t\t\t<\/div>\n\t\t\t<\/div>\n\t\t<\/div>\n\t<\/section>\n\t<!-- \/.service-section -->\n\t<section class=\"service-section reverse\">\n\t\t<div class=\"container\">\n\t\t\t<div class=\"row\">\n\t\t\t\t<div class=\"col-md-6 col-lg-4\">\n\t\t\t\t\t<div class=\"text-holder\">\n\t\t\t\t\t\t\t\t\t\t\t\t\t<h2 class=\"h3\">Membre de l\u2019E.A.I.V.T.<\/h2>\n\t\t\t\t\t\t\t\t\t\t\t\t\t\t\t\t\t\t\t<p>Autoshow Aathal est mem\u00adbre de l\u2019Eu\u00adro\u00adpean Asso\u00adci\u00ada\u00adtion of Inde\u00adpen\u00addent Vehi\u00adcle Traders et s\u2019en\u00adgage pour la pro\u00admo\u00adtion du com\u00admerce auto\u00admo\u00adbile libre. L\u2019E.A.I.V.T. est une com\u00admu\u00adnaut\u00e9 d\u2019in\u00adt\u00e9r\u00eats regroupant des con\u00adces\u00adsion\u00adnaires et asso\u00adci\u00ada\u00adtions ind\u00e9pen\u00addants du secteur auto\u00admo\u00adbile.  <\/p>\n\t\t\t\t\t\t\t\t\t\t\t\t\t\t\t\t\t\t\t<a href=\"https:\/\/stage-autoshow.samuraidev.ch\/fr\/entreprise\/membre-de-le-a-i-v-t\/\" target=\"_self\" class=\"btn btn-primary\">EN SAVOIR PLUS<\/a>\n\t\t\t\t\t\t\t\t\t\t\t<\/div>\n\t\t\t\t<\/div>\n\t\t\t\t<div class=\"col-md-6 col-lg-8\">\n\t\t\t\t\t\t\t\t\t\t\t<figure class=\"img-holder\">\n\t\t\t\t\t\t\t<img decoding=\"async\" src=\"https:\/\/stage-autoshow.samuraidev.ch\/wp-content\/uploads\/2026\/04\/unternehmen-autoshow-aathal-ag-25.jpg\" alt=\"Unternehmen - Autoshow Aathal AG bei Uster bietet g\u00fcnstige Occasionen und Neuwagen 24\" loading=\"lazy\" class=\"lazyload\">\n\t\t\t\t\t\t<\/figure>\n\t\t\t\t\t\t\t\t\t<\/div>\n\t\t\t<\/div>\n\t\t<\/div>\n\t<\/section>\n\t<!-- \/.service-section -->\n\t<section class=\"service-section\">\n\t\t<div class=\"container\">\n\t\t\t<div class=\"row\">\n\t\t\t\t<div class=\"col-md-6 col-lg-4\">\n\t\t\t\t\t<div class=\"text-holder\">\n\t\t\t\t\t\t\t\t\t\t\t\t\t<h2 class=\"h3\">Partenaire vRB<\/h2>\n\t\t\t\t\t\t\t\t\t\t\t\t\t\t\t\t\t\t\t<p>Autoshow Aathal sou\u00adtient le cycle d\u2019e-recy\u00adclage des bat\u00adter\u00adies de v\u00e9hicules. Nous sommes parte\u00adnaire vRB \u2013 avec la con\u00adtri\u00adbu\u00adtion de recy\u00adclage anticip\u00e9e, nous finan\u00e7ons un sys\u00adt\u00e8me de reprise \u00e9ten\u00addu pour une \u00e9lim\u00adi\u00adna\u00adtion sans souci. <\/p>\n\t\t\t\t\t\t\t\t\t\t\t\t\t\t\t\t\t\t\t<a href=\"https:\/\/stage-autoshow.samuraidev.ch\/fr\/entreprise\/partenaire-vrb\/\" target=\"_self\" class=\"btn btn-primary\">EN SAVOIR PLUS<\/a>\n\t\t\t\t\t\t\t\t\t\t\t<\/div>\n\t\t\t\t<\/div>\n\t\t\t\t<div class=\"col-md-6 col-lg-8\">\n\t\t\t\t\t\t\t\t\t\t\t<figure class=\"img-holder\">\n\t\t\t\t\t\t\t<img decoding=\"async\" src=\"https:\/\/stage-autoshow.samuraidev.ch\/wp-content\/uploads\/2026\/04\/unternehmen-autoshow-aathal-ag-26.jpg\" alt=\"Unternehmen - Autoshow Aathal AG bei Uster bietet g\u00fcnstige Occasionen und Neuwagen 25\" loading=\"lazy\" class=\"lazyload\">\n\t\t\t\t\t\t<\/figure>\n\t\t\t\t\t\t\t\t\t<\/div>\n\t\t\t<\/div>\n\t\t<\/div>\n\t<\/section>\n\t<!-- \/.service-section -->\n\t\n\n\t\t\t\t<div class=\"newsletter-section\">\n\t\t<div class=\"container\">\n\t\t\t<div class=\"row\">\n\t\t\t\t<div class=\"col-md-10 mx-auto\">\n\t\t\t\t\t<div class=\"inner\">\n\t\t\t\t\t\t\t\t\t\t\t\t\t<h2 class=\"h5\">Inscription \u00e0 la newsletter<\/h2>\n\t\t\t\t\t\t\t\n\t\t\t\t\t\t\t\t\t\t\t\t\t\n<div class=\"wpcf7 no-js\" id=\"wpcf7-f232585-o1\" lang=\"fr-FR\" dir=\"ltr\" data-wpcf7-id=\"232585\">\n<div class=\"screen-reader-response\"><p role=\"status\" aria-live=\"polite\" aria-atomic=\"true\"><\/p> <ul><\/ul><\/div>\n<form action=\"\/fr\/wp-json\/wp\/v2\/pages\/225971#wpcf7-f232585-o1\" method=\"post\" class=\"wpcf7-form init\" aria-label=\"Formulaire de contact\" novalidate=\"novalidate\" data-status=\"init\">\n<fieldset class=\"hidden-fields-container\"><input type=\"hidden\" name=\"_wpcf7\" value=\"232585\"><input type=\"hidden\" name=\"_wpcf7_version\" value=\"6.1.5\"><input type=\"hidden\" name=\"_wpcf7_locale\" value=\"fr_FR\"><input type=\"hidden\" name=\"_wpcf7_unit_tag\" value=\"wpcf7-f232585-o1\"><input type=\"hidden\" name=\"_wpcf7_container_post\" value=\"0\"><input type=\"hidden\" name=\"_wpcf7_posted_data_hash\" value><input type=\"hidden\" name=\"_wpcf7cf_hidden_group_fields\" value=\"[]\"><input type=\"hidden\" name=\"_wpcf7cf_hidden_groups\" value=\"[]\"><input type=\"hidden\" name=\"_wpcf7cf_visible_groups\" value=\"[]\"><input type=\"hidden\" name=\"_wpcf7cf_repeaters\" value=\"[]\"><input type=\"hidden\" name=\"_wpcf7cf_steps\" value=\"{}\"><input type=\"hidden\" name=\"_wpcf7cf_options\" value=\"{&quot;form_id&quot;:232585,&quot;conditions&quot;:[],&quot;settings&quot;:{&quot;animation&quot;:&quot;yes&quot;,&quot;animation_intime&quot;:200,&quot;animation_outtime&quot;:200,&quot;conditions_ui&quot;:&quot;normal&quot;,&quot;notice_dismissed&quot;:false,&quot;notice_dismissed_rollback-cf7-5.8&quot;:true,&quot;notice_dismissed_rollback-cf7-5.8.1&quot;:true,&quot;notice_dismissed_rollback-cf7-5.8.3&quot;:true,&quot;notice_dismissed_rollback-cf7-5.8.4&quot;:true}}\">\n<\/fieldset>\n<div class=\"row\">\n  <div class=\"col-md-6 col-lg-3\">\n    <div class=\"form-group\">\n      <span class=\"wpcf7-form-control-wrap\" data-name=\"salutation\"><select class=\"wpcf7-form-control wpcf7-select wpcf7-validates-as-required\" id=\"lbl-select-01\" aria-required=\"true\" aria-invalid=\"false\" name=\"salutation\"><option value>Civilit\u00e9<\/option><option value=\"Madame\">Madame<\/option><option value=\"Monsieur\">Monsieur<\/option><option value=\"Autre\">Autre<\/option><\/select><\/span>\n      <label for=\"lbl-select-01\">Civil\u00adit\u00e9<\/label>\n    <\/div>\n  <\/div>\n  <div class=\"col-md-6 col-lg-3\">\n    <div class=\"form-group\">\n      <span class=\"wpcf7-form-control-wrap\" data-name=\"your-email\"><input size=\"40\" maxlength=\"400\" class=\"wpcf7-form-control wpcf7-email wpcf7-validates-as-required wpcf7-text wpcf7-validates-as-email form-control\" id=\"email\" aria-required=\"true\" aria-invalid=\"false\" placeholder=\"Adresse e-mail\" value type=\"email\" name=\"your-email\"><\/span>\n    <\/div>\n  <\/div>\n  <div class=\"col-md-6 col-lg-3\">\n    <div class=\"form-group\">\n      <span class=\"wpcf7-form-control-wrap\" data-name=\"your-name\"><input size=\"40\" maxlength=\"400\" class=\"wpcf7-form-control wpcf7-text wpcf7-validates-as-required form-control\" id=\"your-name\" aria-required=\"true\" aria-invalid=\"false\" placeholder=\"Pr\u00e9nom\" value type=\"text\" name=\"your-name\"><\/span>\n    <\/div>\n  <\/div>\n  <div class=\"col-md-6 col-lg-3\">\n    <div class=\"form-group\">\n      <span class=\"wpcf7-form-control-wrap\" data-name=\"your-nachname\"><input size=\"40\" maxlength=\"400\" class=\"wpcf7-form-control wpcf7-text wpcf7-validates-as-required form-control\" id=\"your-nachname\" aria-required=\"true\" aria-invalid=\"false\" placeholder=\"Nom\" value type=\"text\" name=\"your-nachname\"><\/span>\n    <\/div>\n  <\/div>\n  <div class=\"col-md-12 col-lg-8 col-xl-12\">\n    <div class=\"form-check\">\n      <span class=\"wpcf7-form-control-wrap\" data-name=\"newsletter\"><span class=\"wpcf7-form-control wpcf7-acceptance optional\"><span class=\"wpcf7-list-item\"><label><input type=\"checkbox\" name=\"newsletter\" value=\"1\" aria-invalid=\"false\"><span class=\"wpcf7-list-item-label\">S\u2019abon\u00adner \u00e0 la newslet\u00adter<\/span><\/label><\/span><\/span><\/span>\n      <span class=\"wpcf7-form-control-wrap\" data-name=\"acceptance\"><span class=\"wpcf7-form-control wpcf7-acceptance\"><span class=\"wpcf7-list-item\"><label><input type=\"checkbox\" name=\"acceptance\" value=\"1\" aria-invalid=\"false\"><span class=\"wpcf7-list-item-label\">J\u2019ai lu, com\u00adpris et accep\u00adt\u00e9 la <a target=\"_blank\" class=\"acceptance-link\" href=\"\/fr\/politique-de-confidentialite\/\">Poli\u00adtique de con\u00adfi\u00adden\u00adtial\u00adit\u00e9<\/a> *<\/span><\/label><\/span><\/span><\/span>\n    <\/div>\n  <\/div>\n  <div class=\"col-md-6 col-lg-4 col-xl-3 btn-holder\">\n    <input class=\"wpcf7-form-control wpcf7-submit has-spinner btn btn-primary\" type=\"submit\" value=\"S'INSCRIRE \u00c0 LA NEWSLETTER\">\n  <\/div>\n<\/div><div class=\"wpcf7-response-output\" aria-hidden=\"true\"><\/div>\n<\/form>\n<\/div>\n\t\t\t\t\n\t\t\t\t\t\t\t\t\t\t\t<\/div>\n\t\t\t\t<\/div>\n\t\t\t<\/div>\n\t\t<\/div>\n\t\t\t\t\n\t\t\t<figure class=\"bg-img\">\n\t\t\t\t<img decoding=\"async\" src=\"https:\/\/stage-autoshow.samuraidev.ch\/wp-content\/uploads\/2025\/12\/news-autoshow.jpg\" alt loading=\"lazy\" class=\"lazyload\">\n\t\t\t<\/figure>\n\t\t\t<\/div>\n\t<!-- \/.newsletter-section -->\n\n","protected":false},"excerpt":{"rendered":"","protected":false},"author":31,"featured_media":226000,"parent":0,"menu_order":60,"comment_status":"closed","ping_status":"closed","template":"","meta":{"_acf_changed":false,"inline_featured_image":false,"wp_typography_post_enhancements_disabled":false,"footnotes":""},"class_list":["post-225971","page","type-page","status-publish","has-post-thumbnail","hentry"],"acf":[],"yoast_head":"<!-- This site is optimized with the Yoast SEO plugin v27.4 - https:\/\/yoast.com\/product\/yoast-seo-wordpress\/ -->\n<title>Autoshow Aathal AG \u2013 Entreprise, \u00c9quipe &amp; Histoire<\/title>\n<meta name=\"description\" content=\"D\u00e9couvrez l&#039;Autoshow Aathal AG : son histoire, son \u00e9quipe et ses valeurs. Votre partenaire fiable pour les v\u00e9hicules, le conseil et le service.\" \/>\n<meta name=\"robots\" content=\"noindex, follow, max-snippet:-1, max-image-preview:large, max-video-preview:-1\" \/>\n<meta property=\"og:locale\" content=\"fr_FR\" \/>\n<meta property=\"og:type\" content=\"article\" \/>\n<meta property=\"og:title\" content=\"Autoshow Aathal AG \u2013 Entreprise, \u00c9quipe &amp; Histoire\" \/>\n<meta property=\"og:description\" content=\"D\u00e9couvrez l&#039;Autoshow Aathal AG : son histoire, son \u00e9quipe et ses valeurs. Votre partenaire fiable pour les v\u00e9hicules, le conseil et le service.\" \/>\n<meta property=\"og:url\" content=\"https:\/\/stage-autoshow.samuraidev.ch\/fr\/entreprise\/\" \/>\n<meta property=\"og:site_name\" content=\"Autoshow Aathal AG\" \/>\n<meta property=\"article:publisher\" content=\"https:\/\/www.facebook.com\/autoshow.ch\" \/>\n<meta property=\"article:modified_time\" content=\"2026-04-16T07:13:17+00:00\" \/>\n<meta property=\"og:image\" content=\"https:\/\/stage-autoshow.samuraidev.ch\/wp-content\/uploads\/2026\/04\/unternehmen-autoshow-aathal-ag-11.jpeg\" \/>\n\t<meta property=\"og:image:width\" content=\"1920\" \/>\n\t<meta property=\"og:image:height\" content=\"781\" \/>\n\t<meta property=\"og:image:type\" content=\"image\/jpeg\" \/>\n<meta name=\"twitter:card\" content=\"summary_large_image\" \/>\n<!-- \/ Yoast SEO plugin. -->","yoast_head_json":{"title":"Autoshow Aathal AG \u2013 Entreprise, \u00c9quipe & Histoire","description":"D\u00e9couvrez l'Autoshow Aathal AG : son histoire, son \u00e9quipe et ses valeurs. Votre partenaire fiable pour les v\u00e9hicules, le conseil et le service.","robots":{"index":"noindex","follow":"follow","max-snippet":"max-snippet:-1","max-image-preview":"max-image-preview:large","max-video-preview":"max-video-preview:-1"},"og_locale":"fr_FR","og_type":"article","og_title":"Autoshow Aathal AG \u2013 Entreprise, \u00c9quipe & Histoire","og_description":"D\u00e9couvrez l'Autoshow Aathal AG : son histoire, son \u00e9quipe et ses valeurs. Votre partenaire fiable pour les v\u00e9hicules, le conseil et le service.","og_url":"https:\/\/stage-autoshow.samuraidev.ch\/fr\/entreprise\/","og_site_name":"Autoshow Aathal AG","article_publisher":"https:\/\/www.facebook.com\/autoshow.ch","article_modified_time":"2026-04-16T07:13:17+00:00","og_image":[{"width":1920,"height":781,"url":"https:\/\/stage-autoshow.samuraidev.ch\/wp-content\/uploads\/2026\/04\/unternehmen-autoshow-aathal-ag-11.jpeg","type":"image\/jpeg"}],"twitter_card":"summary_large_image","schema":{"@context":"https:\/\/schema.org","@graph":[{"@type":"WebPage","@id":"https:\/\/stage-autoshow.samuraidev.ch\/fr\/entreprise\/","url":"https:\/\/stage-autoshow.samuraidev.ch\/fr\/entreprise\/","name":"Autoshow Aathal AG \u2013 Entreprise, \u00c9quipe & Histoire","isPartOf":{"@id":"https:\/\/stage-autoshow.samuraidev.ch\/fr\/#website"},"primaryImageOfPage":{"@id":"https:\/\/stage-autoshow.samuraidev.ch\/fr\/entreprise\/#primaryimage"},"image":{"@id":"https:\/\/stage-autoshow.samuraidev.ch\/fr\/entreprise\/#primaryimage"},"thumbnailUrl":"https:\/\/stage-autoshow.samuraidev.ch\/wp-content\/uploads\/2026\/04\/unternehmen-autoshow-aathal-ag-11.jpeg","datePublished":"2022-11-22T10:00:23+00:00","dateModified":"2026-04-16T07:13:17+00:00","description":"D\u00e9couvrez l'Autoshow Aathal AG : son histoire, son \u00e9quipe et ses valeurs. Votre partenaire fiable pour les v\u00e9hicules, le conseil et le service.","breadcrumb":{"@id":"https:\/\/stage-autoshow.samuraidev.ch\/fr\/entreprise\/#breadcrumb"},"inLanguage":"fr-FR","potentialAction":[{"@type":"ReadAction","target":["https:\/\/stage-autoshow.samuraidev.ch\/fr\/entreprise\/"]}]},{"@type":"ImageObject","inLanguage":"fr-FR","@id":"https:\/\/stage-autoshow.samuraidev.ch\/fr\/entreprise\/#primaryimage","url":"https:\/\/stage-autoshow.samuraidev.ch\/wp-content\/uploads\/2026\/04\/unternehmen-autoshow-aathal-ag-11.jpeg","contentUrl":"https:\/\/stage-autoshow.samuraidev.ch\/wp-content\/uploads\/2026\/04\/unternehmen-autoshow-aathal-ag-11.jpeg","width":1920,"height":781,"caption":"Groupe de gens d'affaires joignant des engrenages argent\u00e9s et dor\u00e9s sur une table au lieu de travail vue de dessus"},{"@type":"BreadcrumbList","@id":"https:\/\/stage-autoshow.samuraidev.ch\/fr\/entreprise\/#breadcrumb","itemListElement":[{"@type":"ListItem","position":1,"name":"Startseite","item":"https:\/\/stage-autoshow.samuraidev.ch\/fr\/"},{"@type":"ListItem","position":2,"name":"Entreprise"}]},{"@type":"WebSite","@id":"https:\/\/stage-autoshow.samuraidev.ch\/fr\/#website","url":"https:\/\/stage-autoshow.samuraidev.ch\/fr\/","name":"Autoshow Aathal AG","description":"bei Uster bietet g\u00fcnstige Occasionen und Neuwagen","publisher":{"@id":"https:\/\/stage-autoshow.samuraidev.ch\/fr\/#organization"},"alternateName":"Autoshow Aathal","potentialAction":[{"@type":"SearchAction","target":{"@type":"EntryPoint","urlTemplate":"https:\/\/stage-autoshow.samuraidev.ch\/fr\/?s={search_term_string}"},"query-input":{"@type":"PropertyValueSpecification","valueRequired":true,"valueName":"search_term_string"}}],"inLanguage":"fr-FR"},{"@type":"Organization","@id":"https:\/\/stage-autoshow.samuraidev.ch\/fr\/#organization","name":"Autoshow Aathal AG","alternateName":"Autoshow Aathal","url":"https:\/\/stage-autoshow.samuraidev.ch\/fr\/","logo":{"@type":"ImageObject","inLanguage":"fr-FR","@id":"https:\/\/stage-autoshow.samuraidev.ch\/fr\/#\/schema\/logo\/image\/","url":"https:\/\/stage-autoshow.samuraidev.ch\/wp-content\/uploads\/2025\/12\/autoshow-aathal-ag-logo@696x696.png","contentUrl":"https:\/\/stage-autoshow.samuraidev.ch\/wp-content\/uploads\/2025\/12\/autoshow-aathal-ag-logo@696x696.png","width":696,"height":696,"caption":"Autoshow Aathal AG"},"image":{"@id":"https:\/\/stage-autoshow.samuraidev.ch\/fr\/#\/schema\/logo\/image\/"},"sameAs":["https:\/\/www.facebook.com\/autoshow.ch","https:\/\/www.instagram.com\/autoshow_aathal\/","https:\/\/www.linkedin.com\/company\/autoshow-aathal-ag","https:\/\/www.youtube.com\/user\/AutoshowAathal"]}]}},"_links":{"self":[{"href":"https:\/\/stage-autoshow.samuraidev.ch\/fr\/wp-json\/wp\/v2\/pages\/225971","targetHints":{"allow":["GET"]}}],"collection":[{"href":"https:\/\/stage-autoshow.samuraidev.ch\/fr\/wp-json\/wp\/v2\/pages"}],"about":[{"href":"https:\/\/stage-autoshow.samuraidev.ch\/fr\/wp-json\/wp\/v2\/types\/page"}],"author":[{"embeddable":true,"href":"https:\/\/stage-autoshow.samuraidev.ch\/fr\/wp-json\/wp\/v2\/users\/31"}],"replies":[{"embeddable":true,"href":"https:\/\/stage-autoshow.samuraidev.ch\/fr\/wp-json\/wp\/v2\/comments?post=225971"}],"version-history":[{"count":2,"href":"https:\/\/stage-autoshow.samuraidev.ch\/fr\/wp-json\/wp\/v2\/pages\/225971\/revisions"}],"predecessor-version":[{"id":232976,"href":"https:\/\/stage-autoshow.samuraidev.ch\/fr\/wp-json\/wp\/v2\/pages\/225971\/revisions\/232976"}],"wp:featuredmedia":[{"embeddable":true,"href":"https:\/\/stage-autoshow.samuraidev.ch\/fr\/wp-json\/wp\/v2\/media\/226000"}],"wp:attachment":[{"href":"https:\/\/stage-autoshow.samuraidev.ch\/fr\/wp-json\/wp\/v2\/media?parent=225971"}],"curies":[{"name":"wp","href":"https:\/\/api.w.org\/{rel}","templated":true}]}}