{"id":228756,"date":"2026-03-20T15:00:14","date_gmt":"2026-03-20T14:00:14","guid":{"rendered":"https:\/\/stage-autoshow.samuraidev.ch\/services\/accessoires\/"},"modified":"2026-04-15T15:04:28","modified_gmt":"2026-04-15T13:04:28","slug":"accessoires","status":"publish","type":"page","link":"https:\/\/stage-autoshow.samuraidev.ch\/fr\/services\/accessoires\/","title":{"rendered":"Accessoires"},"content":{"rendered":"\t<header class=\"visual-title\">\n\t\t\t\t\t<img decoding=\"async\" class=\"lazyload\" src=\"https:\/\/stage-autoshow.samuraidev.ch\/wp-content\/uploads\/2026\/04\/zubehoer-autoshow-aathal-ag-3.jpeg\" alt=\"Accessoires - Autoshow Aathal AG bei Uster bietet g\u00fcnstige Occasionen und Neuwagen 1\" loading=\"lazy\">\n\t\t\t\t\n\t\t\t\t\t\n\n\n\n\t<\/header><!-- \/ visual-title -->\n\n\n\n<div class=\"wp-block-group md-group\"><div class=\"wp-block-group__inner-container is-layout-constrained wp-block-group-is-layout-constrained\">\t<div class=\"breadcrumbs-section container\">\n\t\t<ul class=\"breadcrumb\">\n\t\t\t<li class=\"breadcrumb-item\"><a property=\"item\" typeof=\"WebPage\" title=\"Go to Autoshow Aathal AG.\" href=\"https:\/\/stage-autoshow.samuraidev.ch\/fr\/\" class=\"home\"><span property=\"name\">Start\u00adseite<\/span><\/a><meta property=\"position\" content=\"1\"><\/li><li class=\"breadcrumb-item\"><a property=\"item\" typeof=\"WebPage\" title=\"Go to Actualit\u00e9s.\" href=\"https:\/\/stage-autoshow.samuraidev.ch\/fr\/actualites\/\" class=\"post-root post post-post\" aria-current=\"page\"><span property=\"name\">Actu\u00adal\u00adit\u00e9s<\/span><\/a><meta property=\"position\" content=\"2\"><\/li>\t\t<\/ul>\n\t<\/div>\n<!-- \/.breadcrumbs-section -->\n\n\n<div class=\"page-title-section container\">\n\t\t\t<h1>Accessoires<\/h1>\n\t<\/div>\n<!-- \/.page-title-section -->\n\n\n\n<div class=\"wp-block-columns is-layout-flex wp-container-core-columns-is-layout-9d6595d7 wp-block-columns-is-layout-flex\">\n<div class=\"wp-block-column is-layout-flow wp-block-column-is-layout-flow\" style=\"flex-basis:70%\">\n<h2 class=\"wp-block-heading\">Accessoires auto \u2013 Pneus d\u2019hiver, jantes et plus<\/h2>\n\n\n<p class=\"type-size-2\">\n\t\t\tAvez-vous besoin de pneus d\u2019hiv\u00ader pour la sai\u00adson froide et humide ? Ou souhaitez-vous embel\u00adlir votre voiture avec de nou\u00advelles jantes en alliage \u00e9l\u00e9\u00adgantes ? En mati\u00e8re d\u2019\u00ab A \u00bbttrac\u00adtiv\u00adit\u00e9 et d\u2019\u00ab A \u00bbm\u00e9lio\u00adra\u00adtion, notre \u00e9quipe \u00ab AAA \u00bb vous offre le ser\u00advice sup\u00adpl\u00e9\u00admen\u00adtaire souhait\u00e9.  \t<\/p>\n\n\n\t<figure class=\"img-block\">\n\t\t<img decoding=\"async\" src=\"https:\/\/stage-autoshow.samuraidev.ch\/wp-content\/uploads\/2026\/04\/zubehoer-autoshow-aathal-ag-4.jpeg\" alt=\"Accessoires - Autoshow Aathal AG bei Uster bietet g\u00fcnstige Occasionen und Neuwagen\" loading=\"lazy\" class=\"lazyload\">\n\t\t\t\t\t\t\n\t<\/figure>\n\n\n\n\n<h2 class=\"wp-block-heading\">Acheter des pneus d\u2019hiver \u2013 o\u00f9 et quand ?<\/h2>\n\n\n\n<p>Le bon choix de pneus est cru\u00adcial pour votre s\u00e9cu\u00adrit\u00e9. Chez Autoshow Aathal, vous trou\u00adverez des pneus d\u2019hiv\u00ader \u00e0 des prix \u00e9quita\u00adbles. Nous serons ravis de vous con\u00adseiller sur les pneus adap\u00adt\u00e9s \u00e0 votre v\u00e9hicule.  <\/p>\n\n\n\n<h2 class=\"wp-block-heading\">Accessoires sans limites<\/h2>\n\n\n\n<p>Qu\u2019il s\u2019agisse de vit\u00adres tein\u00adt\u00e9es, de la mise \u00e0 niveau DAB, d\u2019un atte\u00adlage de remorque, de pneus d\u2019hiv\u00ader, d\u2019un ch\u00e2s\u00adsis abais\u00ads\u00e9 ou de jantes sp\u00e9\u00adciales \u2013 chez Autoshow Aathal, les pos\u00adsi\u00adbil\u00adit\u00e9s sont presque illim\u00adit\u00e9es.<\/p>\n\n\n\n<p>Nos sp\u00e9\u00adcial\u00adistes \u00ab AAA \u00bb se fer\u00adont un plaisir de vous con\u00adseiller. Ren\u00addez vis\u00adite \u00e0 votre \u00e9quipe Autoshow Aathal d\u00e8s aujour\u00add\u2019hui ! <\/p>\n\n\n\n<hr class=\"wp-block-separator has-alpha-channel-opacity is-style-wide\">\n\n\n\n<div class=\"wpcf7 no-js\" id=\"wpcf7-f232718-o1\" lang=\"fr-FR\" dir=\"ltr\" data-wpcf7-id=\"232718\">\n<div class=\"screen-reader-response\"><p role=\"status\" aria-live=\"polite\" aria-atomic=\"true\"><\/p> <ul><\/ul><\/div>\n<form action=\"\/fr\/wp-json\/wp\/v2\/pages\/228756#wpcf7-f232718-o1\" method=\"post\" class=\"wpcf7-form init\" aria-label=\"Formulaire de contact\" novalidate=\"novalidate\" data-status=\"init\">\n<fieldset class=\"hidden-fields-container\"><input type=\"hidden\" name=\"_wpcf7\" value=\"232718\"><input type=\"hidden\" name=\"_wpcf7_version\" value=\"6.1.5\"><input type=\"hidden\" name=\"_wpcf7_locale\" value=\"fr_FR\"><input type=\"hidden\" name=\"_wpcf7_unit_tag\" value=\"wpcf7-f232718-o1\"><input type=\"hidden\" name=\"_wpcf7_container_post\" value=\"0\"><input type=\"hidden\" name=\"_wpcf7_posted_data_hash\" value><input type=\"hidden\" name=\"_wpcf7cf_hidden_group_fields\" value=\"[]\"><input type=\"hidden\" name=\"_wpcf7cf_hidden_groups\" value=\"[]\"><input type=\"hidden\" name=\"_wpcf7cf_visible_groups\" value=\"[]\"><input type=\"hidden\" name=\"_wpcf7cf_repeaters\" value=\"[]\"><input type=\"hidden\" name=\"_wpcf7cf_steps\" value=\"{}\"><input type=\"hidden\" name=\"_wpcf7cf_options\" value=\"{&quot;form_id&quot;:232718,&quot;conditions&quot;:[],&quot;settings&quot;:{&quot;animation&quot;:&quot;yes&quot;,&quot;animation_intime&quot;:200,&quot;animation_outtime&quot;:200,&quot;conditions_ui&quot;:&quot;normal&quot;,&quot;notice_dismissed&quot;:false,&quot;notice_dismissed_rollback-cf7-5.8&quot;:true,&quot;notice_dismissed_rollback-cf7-5.8.1&quot;:true,&quot;notice_dismissed_rollback-cf7-5.8.3&quot;:true,&quot;notice_dismissed_rollback-cf7-5.8.4&quot;:true}}\">\n<\/fieldset>\n<div class=\"buy-form\">\n<h3>Formulaire de contact<\/h3>\n<p>Nous r\u00e9pon\u00addons \u00e0 votre demande dans les 48 heures les jours ouvrables.<\/p>\n<div class=\"row\">\n<div class=\"col-md-5 contact-narrow-col\">\n  <div class=\"form-group\">\n    <label for=\"salutation\">Civil\u00adit\u00e9 *<\/label>\n    <span class=\"wpcf7-form-control-wrap\" data-name=\"salutation\"><select class=\"wpcf7-form-control wpcf7-select wpcf7-validates-as-required form-control\" id=\"salutation\" aria-required=\"true\" aria-invalid=\"false\" name=\"salutation\"><option value>\u2014Veuillez choisir une option\u2014<\/option><option value=\"Madame\">Madame<\/option><option value=\"Monsieur\">Monsieur<\/option><option value=\"Autre\">Autre<\/option><\/select><\/span>\n  <\/div>\n  <div class=\"form-group\">\n    <label for=\"lbl-vorname\">Pr\u00e9nom *<\/label>\n    <span class=\"wpcf7-form-control-wrap\" data-name=\"vorname\"><input size=\"40\" maxlength=\"400\" class=\"wpcf7-form-control wpcf7-text wpcf7-validates-as-required form-control\" id=\"lbl-vorname\" aria-required=\"true\" aria-invalid=\"false\" placeholder=\"Pr\u00e9nom *\" value type=\"text\" name=\"vorname\"><\/span>\n  <\/div>\n  <div class=\"form-group\">\n    <label for=\"lbl-nachname\">Nom *<\/label>\n    <span class=\"wpcf7-form-control-wrap\" data-name=\"nachname\"><input size=\"40\" maxlength=\"400\" class=\"wpcf7-form-control wpcf7-text wpcf7-validates-as-required form-control\" id=\"lbl-nachname\" aria-required=\"true\" aria-invalid=\"false\" placeholder=\"Nom de famille *\" value type=\"text\" name=\"nachname\"><\/span>\n  <\/div>\n  <div class=\"form-group\">\n    <label for=\"lbl-email\">E\u2011mail *<\/label>\n    <span class=\"wpcf7-form-control-wrap\" data-name=\"email\"><input size=\"40\" maxlength=\"400\" class=\"wpcf7-form-control wpcf7-email wpcf7-validates-as-required wpcf7-text wpcf7-validates-as-email form-control\" id=\"lbl-email\" aria-required=\"true\" aria-invalid=\"false\" placeholder=\"Adresse e-mail *\" value type=\"email\" name=\"email\"><\/span>\n  <\/div>\n  <div class=\"form-group\">\n    <label for=\"lbl-telefonnummer\">Num\u00e9ro de t\u00e9l\u00e9\u00adphone *<\/label>\n    <span class=\"wpcf7-form-control-wrap\" data-name=\"telefonnummer\"><input size=\"40\" maxlength=\"400\" class=\"wpcf7-form-control wpcf7-tel wpcf7-validates-as-required wpcf7-text wpcf7-validates-as-tel form-control\" id=\"lbl-telefonnummer\" aria-required=\"true\" aria-invalid=\"false\" placeholder=\"T\u00e9l\u00e9phone ou portable *\" value type=\"tel\" name=\"telefonnummer\"><\/span>\n  <\/div>\n<\/div>\n<div class=\"col-md-7 contact-wide-col\">\n  <div class=\"form-group\">\n    <label for=\"lbl-betreff\">Objet *<\/label>\n    <span class=\"wpcf7-form-control-wrap\" data-name=\"betreff\"><input size=\"40\" maxlength=\"400\" class=\"wpcf7-form-control wpcf7-text wpcf7-validates-as-required form-control\" id=\"lbl-betreff\" aria-required=\"true\" aria-invalid=\"false\" placeholder=\"Objet *\" value=\"Accessoires\" type=\"text\" name=\"betreff\"><\/span>\n  <\/div>\n  <div class=\"form-group\">\n    <label for=\"lbl-nachricht\">Mes\u00adsage *<\/label>\n    <span class=\"wpcf7-form-control-wrap\" data-name=\"nachricht\"><textarea cols=\"40\" rows=\"10\" maxlength=\"2000\" class=\"wpcf7-form-control wpcf7-textarea wpcf7-validates-as-required form-control\" id=\"lbl-nachricht\" aria-required=\"true\" aria-invalid=\"false\" placeholder=\"Votre message *\" name=\"nachricht\"><\/textarea><\/span>\n  <\/div>\n  <span class=\"wpcf7-form-control-wrap\" data-name=\"acceptance\"><span class=\"wpcf7-form-control wpcf7-acceptance\"><span class=\"wpcf7-list-item\"><label><input type=\"checkbox\" name=\"acceptance\" value=\"1\" aria-invalid=\"false\"><span class=\"wpcf7-list-item-label\">J\u2019ac\u00adcepte la <a target=\"_blank\" href=\"https:\/\/stage-autoshow.samuraidev.ch\/politique-de-confidentialite\/\">poli\u00adtique de con\u00adfi\u00adden\u00adtial\u00adit\u00e9<\/a> *<\/span><\/label><\/span><\/span><\/span>\n<\/div>\n<div class=\"col-md-12 btn-hold\">\n  <input class=\"wpcf7-form-control wpcf7-submit has-spinner button btn btn-primary\" type=\"submit\" value=\"Envoyer la demande\">\n<\/div>\n<\/div>\n<\/div><div class=\"wpcf7-response-output\" aria-hidden=\"true\"><\/div>\n<\/form>\n<\/div>\n\n<\/div>\n\n\n\n<div class=\"wp-block-column is-layout-flow wp-block-column-is-layout-flow\" style=\"flex-basis:30%\">\t\n\t\t\t\t\t\t<nav class=\"sidebar-nav\">\n\t\t\t<ul>\n\t\t\t\t\t\t\t\t\t\t\t\t\t\t<li><a href=\"https:\/\/stage-autoshow.samuraidev.ch\/dienstleistungen\/auto-ankauf\/\">Achat de voiture<\/a><\/li>\n\t\t\t\t\t\t\t\t\t\t\t\t\t\t<li><a href=\"https:\/\/stage-autoshow.samuraidev.ch\/dienstleistungen\/leasing-finanzierung\/\">Leas\u00ading \/ Finance\u00adment<\/a><\/li>\n\t\t\t\t\t\t\t\t\t\t\t\t\t\t<li><a href=\"https:\/\/stage-autoshow.samuraidev.ch\/dienstleistungen\/garantiepakete\/\">Packs de garantie<\/a><\/li>\n\t\t\t\t\t\t\t\t\t\t\t\t\t\t<li><a href=\"https:\/\/stage-autoshow.samuraidev.ch\/dienstleistungen\/servicepakete\/\">For\u00adfaits de ser\u00advice<\/a><\/li>\n\t\t\t\t\t\t\t\t\t\t\t\t\t\t<li><a href=\"https:\/\/stage-autoshow.samuraidev.ch\/dienstleistungen\/ablieferungspauschale\/\">For\u00adfait de livrai\u00adson<\/a><\/li>\n\t\t\t\t\t\t\t\t\t\t\t\t\t\t<li><a href=\"https:\/\/stage-autoshow.samuraidev.ch\/dienstleistungen\/tcs-pannenhilfe\/\">Assis\u00adtance d\u00e9pan\u00adnage TCS<\/a><\/li>\n\t\t\t\t\t\t\t\t\t\t\t\t\t\t<li><a href=\"https:\/\/stage-autoshow.samuraidev.ch\/dienstleistungen\/tankkarte-autoshow-migrol\/\">Carte de car\u00adbu\u00adrant Autoshow Migrol<\/a><\/li>\n\t\t\t\t\t\t\t\t\t\t\t\t\t\t<li class=\"active\"><a href=\"https:\/\/stage-autoshow.samuraidev.ch\/dienstleistungen\/zubehoer\/\">Acces\u00adsoires<\/a><\/li>\n\t\t\t\t\t\t\t\t\t\t\t\t\t\t<li><a href=\"https:\/\/stage-autoshow.samuraidev.ch\/dienstleistungen\/online-werkstattplaner\/\">Plan\u00adi\u00adfi\u00adca\u00adteur d\u2019atelier en ligne<\/a><\/li>\n\t\t\t\t\t\t\t\t\t\t\t\t\t\t<li><a href=\"https:\/\/stage-autoshow.samuraidev.ch\/dienstleistungen\/direktimport-parallelimport\/\">Impor\u00adta\u00adtion directe \/ impor\u00adta\u00adtion par\u00adal\u00adl\u00e8le<\/a><\/li>\n\t\t\t\t\t\t\t\t\n\t\t\t<\/ul>\n\t\t<\/nav>\n\t\t<!-- .sidebar-nav -->\n\t\n\n\t\t<div class=\"person-box bg-gray\">\n\t\t<h3>Comment puis-je vous aider davantage ?<\/h3>\n\t\t<figure class=\"photo-box\">\n\t\t\t<img decoding=\"async\" src=\"https:\/\/stage-autoshow.samuraidev.ch\/wp-content\/uploads\/2022\/11\/gaetano-rizzo-autoshow-aathal-ag-2.jpg\" alt=\"Gaetano Rizzo\" class=\"lazyload\" loading=\"lazy\">\n\t\t<\/figure>\n\t\t<h4>Gaetano Rizzo<\/h4>\n\t\t<p class=\"role\">Verkauf<\/p>\n\t\t<p class=\"employee-langs\">DE, FR, IT, EN, PT<\/p>\n\t\t<ul class=\"contact-btns type2\">\n\t\t\t\t\t\t<li class=\"person-box-email\">\n\t\t\t\t<a href=\"mailto:gr@autoshow.ch\">\n\t\t\t\t\t<i class=\"fa-regular fa-envelope\" aria-hidden=\"true\"><\/i>\n\t\t\t\t\t<span class=\"tooltip-item\">gr@autoshow.ch<\/span>\n\t\t\t\t<\/a>\n\t\t\t<\/li>\n\t\t\t\t\t\t<li class=\"person-box-phone\">\n\t\t\t\t<a href=\"tel:41449330044\">\n\t\t\t\t\t<i class=\"fa fa-phone\" aria-hidden=\"true\"><\/i>\n\t\t\t\t\t<span class=\"tooltip-item\">+41 44 933 00 44<\/span>\n\t\t\t\t<\/a>\n\t\t\t<\/li>\n\t\t\t\t\t\t<li class=\"person-box-whatsapp\">\n\t\t\t\t<a href=\"https:\/\/api.whatsapp.com\/send?phone=41794220670\">\n\t\t\t\t\t<span class=\"icon\"><i class=\"fa-brands fa-whatsapp\"><\/i><\/span>\n\t\t\t\t\t<span class=\"tooltip-item\">+41 79 422 06 70<\/span>\n\t\t\t\t<\/a>\n\t\t\t<\/li>\n\t\t<\/ul>\n\t\t\t<\/div>\n<\/div>\n<\/div>\n<\/div><\/div>\n","protected":false},"excerpt":{"rendered":"<p>Acces\u00adsoires auto \u2013 Pneus d\u2019hiver, jantes et plus Acheter des pneus d\u2019hiver \u2013 o\u00f9 et\u2026<\/p>\n","protected":false},"author":31,"featured_media":228760,"parent":228453,"menu_order":80,"comment_status":"closed","ping_status":"closed","template":"","meta":{"_acf_changed":false,"inline_featured_image":false,"wp_typography_post_enhancements_disabled":false,"footnotes":""},"class_list":["post-228756","page","type-page","status-publish","has-post-thumbnail","hentry"],"acf":[],"yoast_head":"<!-- This site is optimized with the Yoast SEO plugin v27.4 - https:\/\/yoast.com\/product\/yoast-seo-wordpress\/ -->\n<title>Accessoires auto | Pneus d&#039;hiver, jantes en alliage &amp; plus | Autoshow Aathal<\/title>\n<meta name=\"description\" content=\"Achetez des pneus d&#039;hiver, des jantes en alliage, un attelage de remorque, le teintage de vitres et plus encore. Des prix \u00e9quitables chez Autoshow Aathal.\" \/>\n<meta name=\"robots\" content=\"noindex, follow, max-snippet:-1, max-image-preview:large, max-video-preview:-1\" \/>\n<meta property=\"og:locale\" content=\"fr_FR\" \/>\n<meta property=\"og:type\" content=\"article\" \/>\n<meta property=\"og:title\" content=\"Accessoires auto | Pneus d&#039;hiver, jantes en alliage &amp; plus | Autoshow Aathal\" \/>\n<meta property=\"og:description\" content=\"Achetez des pneus d&#039;hiver, des jantes en alliage, un attelage de remorque, le teintage de vitres et plus encore. Des prix \u00e9quitables chez Autoshow Aathal.\" \/>\n<meta property=\"og:url\" content=\"https:\/\/stage-autoshow.samuraidev.ch\/fr\/services\/accessoires\/\" \/>\n<meta property=\"og:site_name\" content=\"Autoshow Aathal AG\" \/>\n<meta property=\"article:publisher\" content=\"https:\/\/www.facebook.com\/autoshow.ch\" \/>\n<meta property=\"article:modified_time\" content=\"2026-04-15T13:04:28+00:00\" \/>\n<meta property=\"og:image\" content=\"https:\/\/stage-autoshow.samuraidev.ch\/wp-content\/uploads\/2026\/04\/zubehoer-autoshow-aathal-ag-4.jpeg\" \/>\n\t<meta property=\"og:image:width\" content=\"1920\" \/>\n\t<meta property=\"og:image:height\" content=\"1140\" \/>\n\t<meta property=\"og:image:type\" content=\"image\/jpeg\" \/>\n<meta name=\"twitter:card\" content=\"summary_large_image\" \/>\n<!-- \/ Yoast SEO plugin. -->","yoast_head_json":{"title":"Accessoires auto | Pneus d'hiver, jantes en alliage & plus | Autoshow Aathal","description":"Achetez des pneus d'hiver, des jantes en alliage, un attelage de remorque, le teintage de vitres et plus encore. Des prix \u00e9quitables chez Autoshow Aathal.","robots":{"index":"noindex","follow":"follow","max-snippet":"max-snippet:-1","max-image-preview":"max-image-preview:large","max-video-preview":"max-video-preview:-1"},"og_locale":"fr_FR","og_type":"article","og_title":"Accessoires auto | Pneus d'hiver, jantes en alliage & plus | Autoshow Aathal","og_description":"Achetez des pneus d'hiver, des jantes en alliage, un attelage de remorque, le teintage de vitres et plus encore. Des prix \u00e9quitables chez Autoshow Aathal.","og_url":"https:\/\/stage-autoshow.samuraidev.ch\/fr\/services\/accessoires\/","og_site_name":"Autoshow Aathal AG","article_publisher":"https:\/\/www.facebook.com\/autoshow.ch","article_modified_time":"2026-04-15T13:04:28+00:00","og_image":[{"width":1920,"height":1140,"url":"https:\/\/stage-autoshow.samuraidev.ch\/wp-content\/uploads\/2026\/04\/zubehoer-autoshow-aathal-ag-4.jpeg","type":"image\/jpeg"}],"twitter_card":"summary_large_image","schema":{"@context":"https:\/\/schema.org","@graph":[{"@type":"WebPage","@id":"https:\/\/stage-autoshow.samuraidev.ch\/fr\/services\/accessoires\/","url":"https:\/\/stage-autoshow.samuraidev.ch\/fr\/services\/accessoires\/","name":"Accessoires auto | Pneus d'hiver, jantes en alliage & plus | Autoshow Aathal","isPartOf":{"@id":"https:\/\/stage-autoshow.samuraidev.ch\/fr\/#website"},"primaryImageOfPage":{"@id":"https:\/\/stage-autoshow.samuraidev.ch\/fr\/services\/accessoires\/#primaryimage"},"image":{"@id":"https:\/\/stage-autoshow.samuraidev.ch\/fr\/services\/accessoires\/#primaryimage"},"thumbnailUrl":"https:\/\/stage-autoshow.samuraidev.ch\/wp-content\/uploads\/2026\/04\/zubehoer-autoshow-aathal-ag-4.jpeg","datePublished":"2026-03-20T14:00:14+00:00","dateModified":"2026-04-15T13:04:28+00:00","description":"Achetez des pneus d'hiver, des jantes en alliage, un attelage de remorque, le teintage de vitres et plus encore. Des prix \u00e9quitables chez Autoshow Aathal.","breadcrumb":{"@id":"https:\/\/stage-autoshow.samuraidev.ch\/fr\/services\/accessoires\/#breadcrumb"},"inLanguage":"fr-FR","potentialAction":[{"@type":"ReadAction","target":["https:\/\/stage-autoshow.samuraidev.ch\/fr\/services\/accessoires\/"]}]},{"@type":"ImageObject","inLanguage":"fr-FR","@id":"https:\/\/stage-autoshow.samuraidev.ch\/fr\/services\/accessoires\/#primaryimage","url":"https:\/\/stage-autoshow.samuraidev.ch\/wp-content\/uploads\/2026\/04\/zubehoer-autoshow-aathal-ag-4.jpeg","contentUrl":"https:\/\/stage-autoshow.samuraidev.ch\/wp-content\/uploads\/2026\/04\/zubehoer-autoshow-aathal-ag-4.jpeg","width":1920,"height":1140,"caption":"Accessoires - Autoshow Aathal AG bei Uster bietet g\u00fcnstige Occasionen und Neuwagen"},{"@type":"BreadcrumbList","@id":"https:\/\/stage-autoshow.samuraidev.ch\/fr\/services\/accessoires\/#breadcrumb","itemListElement":[{"@type":"ListItem","position":1,"name":"Startseite","item":"https:\/\/stage-autoshow.samuraidev.ch\/fr\/"},{"@type":"ListItem","position":2,"name":"Services","item":"https:\/\/stage-autoshow.samuraidev.ch\/fr\/services\/"},{"@type":"ListItem","position":3,"name":"Accessoires"}]},{"@type":"WebSite","@id":"https:\/\/stage-autoshow.samuraidev.ch\/fr\/#website","url":"https:\/\/stage-autoshow.samuraidev.ch\/fr\/","name":"Autoshow Aathal AG","description":"bei Uster bietet g\u00fcnstige Occasionen und Neuwagen","publisher":{"@id":"https:\/\/stage-autoshow.samuraidev.ch\/fr\/#organization"},"alternateName":"Autoshow Aathal","potentialAction":[{"@type":"SearchAction","target":{"@type":"EntryPoint","urlTemplate":"https:\/\/stage-autoshow.samuraidev.ch\/fr\/?s={search_term_string}"},"query-input":{"@type":"PropertyValueSpecification","valueRequired":true,"valueName":"search_term_string"}}],"inLanguage":"fr-FR"},{"@type":"Organization","@id":"https:\/\/stage-autoshow.samuraidev.ch\/fr\/#organization","name":"Autoshow Aathal AG","alternateName":"Autoshow Aathal","url":"https:\/\/stage-autoshow.samuraidev.ch\/fr\/","logo":{"@type":"ImageObject","inLanguage":"fr-FR","@id":"https:\/\/stage-autoshow.samuraidev.ch\/fr\/#\/schema\/logo\/image\/","url":"https:\/\/stage-autoshow.samuraidev.ch\/wp-content\/uploads\/2025\/12\/autoshow-aathal-ag-logo@696x696.png","contentUrl":"https:\/\/stage-autoshow.samuraidev.ch\/wp-content\/uploads\/2025\/12\/autoshow-aathal-ag-logo@696x696.png","width":696,"height":696,"caption":"Autoshow Aathal AG"},"image":{"@id":"https:\/\/stage-autoshow.samuraidev.ch\/fr\/#\/schema\/logo\/image\/"},"sameAs":["https:\/\/www.facebook.com\/autoshow.ch","https:\/\/www.instagram.com\/autoshow_aathal\/","https:\/\/www.linkedin.com\/company\/autoshow-aathal-ag","https:\/\/www.youtube.com\/user\/AutoshowAathal"]}]}},"_links":{"self":[{"href":"https:\/\/stage-autoshow.samuraidev.ch\/fr\/wp-json\/wp\/v2\/pages\/228756","targetHints":{"allow":["GET"]}}],"collection":[{"href":"https:\/\/stage-autoshow.samuraidev.ch\/fr\/wp-json\/wp\/v2\/pages"}],"about":[{"href":"https:\/\/stage-autoshow.samuraidev.ch\/fr\/wp-json\/wp\/v2\/types\/page"}],"author":[{"embeddable":true,"href":"https:\/\/stage-autoshow.samuraidev.ch\/fr\/wp-json\/wp\/v2\/users\/31"}],"replies":[{"embeddable":true,"href":"https:\/\/stage-autoshow.samuraidev.ch\/fr\/wp-json\/wp\/v2\/comments?post=228756"}],"version-history":[{"count":2,"href":"https:\/\/stage-autoshow.samuraidev.ch\/fr\/wp-json\/wp\/v2\/pages\/228756\/revisions"}],"predecessor-version":[{"id":232905,"href":"https:\/\/stage-autoshow.samuraidev.ch\/fr\/wp-json\/wp\/v2\/pages\/228756\/revisions\/232905"}],"up":[{"embeddable":true,"href":"https:\/\/stage-autoshow.samuraidev.ch\/fr\/wp-json\/wp\/v2\/pages\/228453"}],"wp:featuredmedia":[{"embeddable":true,"href":"https:\/\/stage-autoshow.samuraidev.ch\/fr\/wp-json\/wp\/v2\/media\/228760"}],"wp:attachment":[{"href":"https:\/\/stage-autoshow.samuraidev.ch\/fr\/wp-json\/wp\/v2\/media?parent=228756"}],"curies":[{"name":"wp","href":"https:\/\/api.w.org\/{rel}","templated":true}]}}