{"id":231568,"date":"2026-03-25T16:41:31","date_gmt":"2026-03-25T15:41:31","guid":{"rendered":"https:\/\/stage-autoshow.samuraidev.ch\/voitures-electriques\/trouver-des-bornes-de-recharge-application-tcs-echarge\/"},"modified":"2026-04-15T10:21:57","modified_gmt":"2026-04-15T08:21:57","slug":"trouver-des-bornes-de-recharge-application-tcs-echarge","status":"publish","type":"page","link":"https:\/\/stage-autoshow.samuraidev.ch\/fr\/voitures-electriques\/trouver-des-bornes-de-recharge-application-tcs-echarge\/","title":{"rendered":"Trouver des bornes de recharge \u2014 Application TCS eCharge"},"content":{"rendered":"\t<header class=\"visual-title\">\n\t\t\t\t\t<img decoding=\"async\" class=\"lazyload\" src=\"https:\/\/stage-autoshow.samuraidev.ch\/wp-content\/uploads\/2026\/04\/ladestationen-finden-tcs-echarge-app-autoshow-aathal-ag-3.jpeg\" alt=\"Trouver des bornes de recharge - Application TCS eCharge - Autoshow Aathal AG bei Uster bietet g\u00fcnstige Occasionen und Neuwagen 2\" loading=\"lazy\">\n\t\t\t\t\n\t\t\t\t\t\n\n\n\n\t<\/header><!-- \/ visual-title -->\n\n\n\n<div class=\"wp-block-group md-group\"><div class=\"wp-block-group__inner-container is-layout-constrained wp-block-group-is-layout-constrained\">\t<div class=\"breadcrumbs-section container\">\n\t\t<ul class=\"breadcrumb\">\n\t\t\t<li class=\"breadcrumb-item\"><a property=\"item\" typeof=\"WebPage\" title=\"Go to Autoshow Aathal AG.\" href=\"https:\/\/stage-autoshow.samuraidev.ch\/fr\/\" class=\"home\"><span property=\"name\">Start\u00adseite<\/span><\/a><meta property=\"position\" content=\"1\"><\/li><li class=\"breadcrumb-item\"><a property=\"item\" typeof=\"WebPage\" title=\"Go to Actualit\u00e9s.\" href=\"https:\/\/stage-autoshow.samuraidev.ch\/fr\/actualites\/\" class=\"post-root post post-post\" aria-current=\"page\"><span property=\"name\">Actu\u00adal\u00adit\u00e9s<\/span><\/a><meta property=\"position\" content=\"2\"><\/li>\t\t<\/ul>\n\t<\/div>\n<!-- \/.breadcrumbs-section -->\n\n\n<div class=\"page-title-section container\">\n\t\t\t<h1>Trouver des bornes de recharge \u2014 Application TCS eCharge<\/h1>\n\t<\/div>\n<!-- \/.page-title-section -->\n\n\n\n<div class=\"wp-block-columns is-layout-flex wp-container-core-columns-is-layout-9d6595d7 wp-block-columns-is-layout-flex\">\n<div class=\"wp-block-column is-layout-flow wp-block-column-is-layout-flow\" style=\"flex-basis:70%\">\n<h2 class=\"wp-block-heading\">Rechargez votre v\u00e9hicule \u00e9lectrique simplement et partout<\/h2>\n\n\n<p class=\"type-size-2\">\n\t\t\tVous souhaitez recharg\u00ader votre voiture \u00e9lec\u00adtrique en d\u00e9place\u00adment ? Le mieux est d\u2019u\u00adtilis\u00ader l\u2019ap\u00adpli\u00adca\u00adtion TCS eCharge. D\u00e9ver\u00adrouillez, rechargez et payez en fin de mois \u2013 en Suisse et dans toute l\u2019Eu\u00adrope, sim\u00adple\u00adment avec l\u2019ap\u00adpli\u00adca\u00adtion sur votre smart\u00adphone.<br>\nGr\u00e2ce \u00e0 TCS eCharge, vous avez acc\u00e8s \u00e0 tous les grands r\u00e9seaux de recharge en Suisse et en Europe. Plus de 382 000 points de recharge sont disponibles dans l\u2019ap\u00adpli\u00adca\u00adtion.   <br>\n\t<\/p>\n\n\n\t<figure class=\"img-block\">\n\t\t<img decoding=\"async\" src=\"https:\/\/stage-autoshow.samuraidev.ch\/wp-content\/uploads\/2026\/04\/ladestationen-finden-tcs-echarge-app-autoshow-aathal-ag-4.jpeg\" alt=\"Trouver des bornes de recharge - Application TCS eCharge - Autoshow Aathal AG bei Uster bietet g\u00fcnstige Occasionen und Neuwagen 1\" loading=\"lazy\" class=\"lazyload\">\n\t\t\t\t\t\t\n\t<\/figure>\n\n\n\n\n<h2 class=\"wp-block-heading\">Quels sont les avantages de l\u2019application TCS eCharge?<\/h2>\n\n\n\n<ul class=\"wp-block-list\">\n<li>Trou\u00adver une borne de recharge \u00e0 prox\u00adim\u00adit\u00e9<\/li>\n\n\n\n<li>Paiement sim\u00adple par appli\u00adca\u00adtion<\/li>\n\n\n\n<li>Aucun frais d\u2019abon\u00adnement ou de base<\/li>\n\n\n\n<li>Infor\u00adma\u00adtions com\u00adpl\u00e8tes sur chaque point de recharge<\/li>\n<\/ul>\n\n\n\n<p>En fin de mois, le mon\u00adtant total de la recharge est d\u00e9bit\u00e9 de la carte de cr\u00e9dit \u2013 de mani\u00e8re trans\u00adpar\u00adente et sim\u00adple.<\/p>\n\n\n\n<p>D\u00e9cou\u00advrez-en plus sur l\u2019\u00e9lec\u00adtro\u00admo\u00adbil\u00adit\u00e9 dans notre <a href=\"https:\/\/stage-autoshow.samuraidev.ch\/fr\/voitures-electriques\/guide-de-lelectromobilite\/\">guide <\/a>: Quel type de motori\u00adsa\u00adtion me con\u00advient, quels sont les types de con\u00adnecteurs disponibles et quelle est la dur\u00e9e des temps de recharge.<\/p>\n\n\n\n<div style=\"height:50px\" aria-hidden=\"true\" class=\"wp-block-spacer\"><\/div>\n\n\n\n<h6 class=\"wp-block-heading\">Nos partenaires pour l\u2019application eCharge<\/h6>\n\n\n                <div class=\"row partners-grid\">\n             \n                 \n                               \n                <div class=\"col-lg-4 col-md-6 d-flex\">\n                    <a target=\"_blank\" href=\"https:\/\/www.tcs.ch\/de\/partnerschaften\/echarge-partner.php\" class=\"partner-card\">\n                                                    \n                            <figure class=\"img\">\n                                <img decoding=\"async\" src=\"https:\/\/stage-autoshow.samuraidev.ch\/wp-content\/uploads\/2026\/03\/tcs-echarge-app-autoshow-aathal-ag.jpg\" alt=\"TCS \u2014 Echarge APP\" loading=\"lazy\" class=\"lazyload\">\n                            <\/figure>\n                                                <span class=\"descr\">\n                            <h3>TCS \u2014 Echarge APP<\/h3>\n                                                            <p>Tour\u00ading Club Schweiz<\/p>\n                                                        \n                        <\/span>\n                    <\/a>\n                <\/div>\n                        \n        <\/div>\n    \n\n\n\n<hr class=\"wp-block-separator has-alpha-channel-opacity is-style-wide\">\n\n\n\n<div class=\"wpcf7 no-js\" id=\"wpcf7-f232718-o1\" lang=\"fr-FR\" dir=\"ltr\" data-wpcf7-id=\"232718\">\n<div class=\"screen-reader-response\"><p role=\"status\" aria-live=\"polite\" aria-atomic=\"true\"><\/p> <ul><\/ul><\/div>\n<form action=\"\/fr\/wp-json\/wp\/v2\/pages\/231568#wpcf7-f232718-o1\" method=\"post\" class=\"wpcf7-form init\" aria-label=\"Formulaire de contact\" novalidate=\"novalidate\" data-status=\"init\">\n<fieldset class=\"hidden-fields-container\"><input type=\"hidden\" name=\"_wpcf7\" value=\"232718\"><input type=\"hidden\" name=\"_wpcf7_version\" value=\"6.1.5\"><input type=\"hidden\" name=\"_wpcf7_locale\" value=\"fr_FR\"><input type=\"hidden\" name=\"_wpcf7_unit_tag\" value=\"wpcf7-f232718-o1\"><input type=\"hidden\" name=\"_wpcf7_container_post\" value=\"0\"><input type=\"hidden\" name=\"_wpcf7_posted_data_hash\" value><input type=\"hidden\" name=\"_wpcf7cf_hidden_group_fields\" value=\"[]\"><input type=\"hidden\" name=\"_wpcf7cf_hidden_groups\" value=\"[]\"><input type=\"hidden\" name=\"_wpcf7cf_visible_groups\" value=\"[]\"><input type=\"hidden\" name=\"_wpcf7cf_repeaters\" value=\"[]\"><input type=\"hidden\" name=\"_wpcf7cf_steps\" value=\"{}\"><input type=\"hidden\" name=\"_wpcf7cf_options\" value=\"{&quot;form_id&quot;:232718,&quot;conditions&quot;:[],&quot;settings&quot;:{&quot;animation&quot;:&quot;yes&quot;,&quot;animation_intime&quot;:200,&quot;animation_outtime&quot;:200,&quot;conditions_ui&quot;:&quot;normal&quot;,&quot;notice_dismissed&quot;:false,&quot;notice_dismissed_rollback-cf7-5.8&quot;:true,&quot;notice_dismissed_rollback-cf7-5.8.1&quot;:true,&quot;notice_dismissed_rollback-cf7-5.8.3&quot;:true,&quot;notice_dismissed_rollback-cf7-5.8.4&quot;:true}}\">\n<\/fieldset>\n<div class=\"buy-form\">\n<h3>Formulaire de contact<\/h3>\n<p>Nous r\u00e9pon\u00addons \u00e0 votre demande dans les 48 heures les jours ouvrables.<\/p>\n<div class=\"row\">\n<div class=\"col-md-5 contact-narrow-col\">\n  <div class=\"form-group\">\n    <label for=\"salutation\">Civil\u00adit\u00e9 *<\/label>\n    <span class=\"wpcf7-form-control-wrap\" data-name=\"salutation\"><select class=\"wpcf7-form-control wpcf7-select wpcf7-validates-as-required form-control\" id=\"salutation\" aria-required=\"true\" aria-invalid=\"false\" name=\"salutation\"><option value>\u2014Veuillez choisir une option\u2014<\/option><option value=\"Madame\">Madame<\/option><option value=\"Monsieur\">Monsieur<\/option><option value=\"Autre\">Autre<\/option><\/select><\/span>\n  <\/div>\n  <div class=\"form-group\">\n    <label for=\"lbl-vorname\">Pr\u00e9nom *<\/label>\n    <span class=\"wpcf7-form-control-wrap\" data-name=\"vorname\"><input size=\"40\" maxlength=\"400\" class=\"wpcf7-form-control wpcf7-text wpcf7-validates-as-required form-control\" id=\"lbl-vorname\" aria-required=\"true\" aria-invalid=\"false\" placeholder=\"Pr\u00e9nom *\" value type=\"text\" name=\"vorname\"><\/span>\n  <\/div>\n  <div class=\"form-group\">\n    <label for=\"lbl-nachname\">Nom *<\/label>\n    <span class=\"wpcf7-form-control-wrap\" data-name=\"nachname\"><input size=\"40\" maxlength=\"400\" class=\"wpcf7-form-control wpcf7-text wpcf7-validates-as-required form-control\" id=\"lbl-nachname\" aria-required=\"true\" aria-invalid=\"false\" placeholder=\"Nom de famille *\" value type=\"text\" name=\"nachname\"><\/span>\n  <\/div>\n  <div class=\"form-group\">\n    <label for=\"lbl-email\">E\u2011mail *<\/label>\n    <span class=\"wpcf7-form-control-wrap\" data-name=\"email\"><input size=\"40\" maxlength=\"400\" class=\"wpcf7-form-control wpcf7-email wpcf7-validates-as-required wpcf7-text wpcf7-validates-as-email form-control\" id=\"lbl-email\" aria-required=\"true\" aria-invalid=\"false\" placeholder=\"Adresse e-mail *\" value type=\"email\" name=\"email\"><\/span>\n  <\/div>\n  <div class=\"form-group\">\n    <label for=\"lbl-telefonnummer\">Num\u00e9ro de t\u00e9l\u00e9\u00adphone *<\/label>\n    <span class=\"wpcf7-form-control-wrap\" data-name=\"telefonnummer\"><input size=\"40\" maxlength=\"400\" class=\"wpcf7-form-control wpcf7-tel wpcf7-validates-as-required wpcf7-text wpcf7-validates-as-tel form-control\" id=\"lbl-telefonnummer\" aria-required=\"true\" aria-invalid=\"false\" placeholder=\"T\u00e9l\u00e9phone ou portable *\" value type=\"tel\" name=\"telefonnummer\"><\/span>\n  <\/div>\n<\/div>\n<div class=\"col-md-7 contact-wide-col\">\n  <div class=\"form-group\">\n    <label for=\"lbl-betreff\">Objet *<\/label>\n    <span class=\"wpcf7-form-control-wrap\" data-name=\"betreff\"><input size=\"40\" maxlength=\"400\" class=\"wpcf7-form-control wpcf7-text wpcf7-validates-as-required form-control\" id=\"lbl-betreff\" aria-required=\"true\" aria-invalid=\"false\" placeholder=\"Objet *\" value=\"Trouver des bornes de recharge - TCS eCharge App\" type=\"text\" name=\"betreff\"><\/span>\n  <\/div>\n  <div class=\"form-group\">\n    <label for=\"lbl-nachricht\">Mes\u00adsage *<\/label>\n    <span class=\"wpcf7-form-control-wrap\" data-name=\"nachricht\"><textarea cols=\"40\" rows=\"10\" maxlength=\"2000\" class=\"wpcf7-form-control wpcf7-textarea wpcf7-validates-as-required form-control\" id=\"lbl-nachricht\" aria-required=\"true\" aria-invalid=\"false\" placeholder=\"Votre message *\" name=\"nachricht\"><\/textarea><\/span>\n  <\/div>\n  <span class=\"wpcf7-form-control-wrap\" data-name=\"acceptance\"><span class=\"wpcf7-form-control wpcf7-acceptance\"><span class=\"wpcf7-list-item\"><label><input type=\"checkbox\" name=\"acceptance\" value=\"1\" aria-invalid=\"false\"><span class=\"wpcf7-list-item-label\">J\u2019ac\u00adcepte la <a target=\"_blank\" href=\"https:\/\/stage-autoshow.samuraidev.ch\/politique-de-confidentialite\/\">poli\u00adtique de con\u00adfi\u00adden\u00adtial\u00adit\u00e9<\/a> *<\/span><\/label><\/span><\/span><\/span>\n<\/div>\n<div class=\"col-md-12 btn-hold\">\n  <input class=\"wpcf7-form-control wpcf7-submit has-spinner button btn btn-primary\" type=\"submit\" value=\"Envoyer la demande\">\n<\/div>\n<\/div>\n<\/div><div class=\"wpcf7-response-output\" aria-hidden=\"true\"><\/div>\n<\/form>\n<\/div>\n\n<\/div>\n\n\n\n<div class=\"wp-block-column is-layout-flow wp-block-column-is-layout-flow\" style=\"flex-basis:30%\">\t\n\t\t\t\t\t\t<nav class=\"sidebar-nav\">\n\t\t\t<ul>\n\t\t\t\t\t\t\t\t\t\t\t\t\t\t<li><a href=\"https:\/\/stage-autoshow.samuraidev.ch\/autos\/unsere-elektroautos\/\">Voitures \u00e9lec\u00adtriques<\/a><\/li>\n\t\t\t\t\t\t\t\t\t\t\t\t\t\t<li><a href=\"https:\/\/stage-autoshow.samuraidev.ch\/elektroautos\/elektromobilitaet-ratgeber\/\">Guide de l\u2019\u00e9lectromobilit\u00e9<\/a><\/li>\n\t\t\t\t\t\t\t\t\t\t\t\t\t\t<li><a href=\"https:\/\/stage-autoshow.samuraidev.ch\/elektroautos\/ladestationen-fuer-zu-hause\/\">Bornes de recharge \u00e0 domi\u00adcile<\/a><\/li>\n\t\t\t\t\t\t\t\t\t\t\t\t\t\t<li class=\"active\"><a href=\"https:\/\/stage-autoshow.samuraidev.ch\/elektroautos\/ladestationen-finden\/\">Trou\u00adver des bornes de recharge \u2014 Appli\u00adca\u00adtion TCS eCharge<\/a><\/li>\n\t\t\t\t\t\t\t\t\t\t\t\t\t\t<li><a href=\"https:\/\/stage-autoshow.samuraidev.ch\/elektroautos\/mobile-ladestation-fuer-unterwegs\/\">Sta\u00adtion de recharge mobile pour vos d\u00e9place\u00adments<\/a><\/li>\n\t\t\t\t\t\t\t\t\n\t\t\t<\/ul>\n\t\t<\/nav>\n\t\t<!-- .sidebar-nav -->\n\t\n\n\t\t<div class=\"person-box bg-gray\">\n\t\t<h3>Comment puis-je vous aider davantage ?<\/h3>\n\t\t<figure class=\"photo-box\">\n\t\t\t<img decoding=\"async\" src=\"https:\/\/stage-autoshow.samuraidev.ch\/wp-content\/uploads\/2025\/12\/menan-velu-autoshow-aathal-ag-2.jpg\" alt=\"Menan Velu\" class=\"lazyload\" loading=\"lazy\">\n\t\t<\/figure>\n\t\t<h4>Menan Velu<\/h4>\n\t\t<p class=\"role\">Verkauf<\/p>\n\t\t<p class=\"employee-langs\">DE, EN, TA<\/p>\n\t\t<ul class=\"contact-btns type2\">\n\t\t\t\t\t\t<li class=\"person-box-email\">\n\t\t\t\t<a href=\"mailto:mv@autoshow.ch\">\n\t\t\t\t\t<i class=\"fa-regular fa-envelope\" aria-hidden=\"true\"><\/i>\n\t\t\t\t\t<span class=\"tooltip-item\">mv@autoshow.ch<\/span>\n\t\t\t\t<\/a>\n\t\t\t<\/li>\n\t\t\t\t\t\t<li class=\"person-box-phone\">\n\t\t\t\t<a href=\"tel:41449330045\">\n\t\t\t\t\t<i class=\"fa fa-phone\" aria-hidden=\"true\"><\/i>\n\t\t\t\t\t<span class=\"tooltip-item\">+41 44 933 00 45<\/span>\n\t\t\t\t<\/a>\n\t\t\t<\/li>\n\t\t\t\t\t\t<li class=\"person-box-whatsapp\">\n\t\t\t\t<a href=\"https:\/\/api.whatsapp.com\/send?phone=41794220670\">\n\t\t\t\t\t<span class=\"icon\"><i class=\"fa-brands fa-whatsapp\"><\/i><\/span>\n\t\t\t\t\t<span class=\"tooltip-item\">+41 79 422 06 70<\/span>\n\t\t\t\t<\/a>\n\t\t\t<\/li>\n\t\t<\/ul>\n\t\t\t<\/div>\n<\/div>\n<\/div>\n<\/div><\/div>\n","protected":false},"excerpt":{"rendered":"<p>Rechargez votre v\u00e9hicule \u00e9lec\u00adtrique sim\u00adple\u00adment et partout Quels sont les avan\u00adtages\u2026<\/p>\n","protected":false},"author":31,"featured_media":231573,"parent":226993,"menu_order":30,"comment_status":"closed","ping_status":"closed","template":"","meta":{"_acf_changed":false,"inline_featured_image":false,"wp_typography_post_enhancements_disabled":false,"footnotes":""},"class_list":["post-231568","page","type-page","status-publish","has-post-thumbnail","hentry"],"acf":[],"yoast_head":"<!-- This site is optimized with the Yoast SEO plugin v27.4 - https:\/\/yoast.com\/product\/yoast-seo-wordpress\/ -->\n<title>Trouver des bornes de recharge | Application TCS eCharge | Autoshow Aathal<\/title>\n<meta name=\"description\" content=\"Rechargez votre voiture \u00e9lectrique en d\u00e9placement avec l&#039;application TCS eCharge. Plus de 382 000 points de recharge en Suisse et en Europe. Aucun frais d&#039;abonnement.\" \/>\n<meta name=\"robots\" content=\"noindex, follow, max-snippet:-1, max-image-preview:large, max-video-preview:-1\" \/>\n<meta property=\"og:locale\" content=\"fr_FR\" \/>\n<meta property=\"og:type\" content=\"article\" \/>\n<meta property=\"og:title\" content=\"Trouver des bornes de recharge | Application TCS eCharge | Autoshow Aathal\" \/>\n<meta property=\"og:description\" content=\"Rechargez votre voiture \u00e9lectrique en d\u00e9placement avec l&#039;application TCS eCharge. Plus de 382 000 points de recharge en Suisse et en Europe. Aucun frais d&#039;abonnement.\" \/>\n<meta property=\"og:url\" content=\"https:\/\/stage-autoshow.samuraidev.ch\/fr\/voitures-electriques\/trouver-des-bornes-de-recharge-application-tcs-echarge\/\" \/>\n<meta property=\"og:site_name\" content=\"Autoshow Aathal AG\" \/>\n<meta property=\"article:publisher\" content=\"https:\/\/www.facebook.com\/autoshow.ch\" \/>\n<meta property=\"article:modified_time\" content=\"2026-04-15T08:21:57+00:00\" \/>\n<meta property=\"og:image\" content=\"https:\/\/stage-autoshow.samuraidev.ch\/wp-content\/uploads\/2026\/04\/ladestationen-finden-tcs-echarge-app-autoshow-aathal-ag-5.jpeg\" \/>\n\t<meta property=\"og:image:width\" content=\"1920\" \/>\n\t<meta property=\"og:image:height\" content=\"1088\" \/>\n\t<meta property=\"og:image:type\" content=\"image\/jpeg\" \/>\n<meta name=\"twitter:card\" content=\"summary_large_image\" \/>\n<!-- \/ Yoast SEO plugin. -->","yoast_head_json":{"title":"Trouver des bornes de recharge | Application TCS eCharge | Autoshow Aathal","description":"Rechargez votre voiture \u00e9lectrique en d\u00e9placement avec l'application TCS eCharge. Plus de 382 000 points de recharge en Suisse et en Europe. Aucun frais d'abonnement.","robots":{"index":"noindex","follow":"follow","max-snippet":"max-snippet:-1","max-image-preview":"max-image-preview:large","max-video-preview":"max-video-preview:-1"},"og_locale":"fr_FR","og_type":"article","og_title":"Trouver des bornes de recharge | Application TCS eCharge | Autoshow Aathal","og_description":"Rechargez votre voiture \u00e9lectrique en d\u00e9placement avec l'application TCS eCharge. Plus de 382 000 points de recharge en Suisse et en Europe. Aucun frais d'abonnement.","og_url":"https:\/\/stage-autoshow.samuraidev.ch\/fr\/voitures-electriques\/trouver-des-bornes-de-recharge-application-tcs-echarge\/","og_site_name":"Autoshow Aathal AG","article_publisher":"https:\/\/www.facebook.com\/autoshow.ch","article_modified_time":"2026-04-15T08:21:57+00:00","og_image":[{"width":1920,"height":1088,"url":"https:\/\/stage-autoshow.samuraidev.ch\/wp-content\/uploads\/2026\/04\/ladestationen-finden-tcs-echarge-app-autoshow-aathal-ag-5.jpeg","type":"image\/jpeg"}],"twitter_card":"summary_large_image","schema":{"@context":"https:\/\/schema.org","@graph":[{"@type":"WebPage","@id":"https:\/\/stage-autoshow.samuraidev.ch\/fr\/voitures-electriques\/trouver-des-bornes-de-recharge-application-tcs-echarge\/","url":"https:\/\/stage-autoshow.samuraidev.ch\/fr\/voitures-electriques\/trouver-des-bornes-de-recharge-application-tcs-echarge\/","name":"Trouver des bornes de recharge | Application TCS eCharge | Autoshow Aathal","isPartOf":{"@id":"https:\/\/stage-autoshow.samuraidev.ch\/fr\/#website"},"primaryImageOfPage":{"@id":"https:\/\/stage-autoshow.samuraidev.ch\/fr\/voitures-electriques\/trouver-des-bornes-de-recharge-application-tcs-echarge\/#primaryimage"},"image":{"@id":"https:\/\/stage-autoshow.samuraidev.ch\/fr\/voitures-electriques\/trouver-des-bornes-de-recharge-application-tcs-echarge\/#primaryimage"},"thumbnailUrl":"https:\/\/stage-autoshow.samuraidev.ch\/wp-content\/uploads\/2026\/04\/ladestationen-finden-tcs-echarge-app-autoshow-aathal-ag-5.jpeg","datePublished":"2026-03-25T15:41:31+00:00","dateModified":"2026-04-15T08:21:57+00:00","description":"Rechargez votre voiture \u00e9lectrique en d\u00e9placement avec l'application TCS eCharge. Plus de 382 000 points de recharge en Suisse et en Europe. Aucun frais d'abonnement.","breadcrumb":{"@id":"https:\/\/stage-autoshow.samuraidev.ch\/fr\/voitures-electriques\/trouver-des-bornes-de-recharge-application-tcs-echarge\/#breadcrumb"},"inLanguage":"fr-FR","potentialAction":[{"@type":"ReadAction","target":["https:\/\/stage-autoshow.samuraidev.ch\/fr\/voitures-electriques\/trouver-des-bornes-de-recharge-application-tcs-echarge\/"]}]},{"@type":"ImageObject","inLanguage":"fr-FR","@id":"https:\/\/stage-autoshow.samuraidev.ch\/fr\/voitures-electriques\/trouver-des-bornes-de-recharge-application-tcs-echarge\/#primaryimage","url":"https:\/\/stage-autoshow.samuraidev.ch\/wp-content\/uploads\/2026\/04\/ladestationen-finden-tcs-echarge-app-autoshow-aathal-ag-5.jpeg","contentUrl":"https:\/\/stage-autoshow.samuraidev.ch\/wp-content\/uploads\/2026\/04\/ladestationen-finden-tcs-echarge-app-autoshow-aathal-ag-5.jpeg","width":1920,"height":1088,"caption":"Trouver des bornes de recharge - Application TCS eCharge - Autoshow Aathal AG bei Uster bietet g\u00fcnstige Occasionen und Neuwagen"},{"@type":"BreadcrumbList","@id":"https:\/\/stage-autoshow.samuraidev.ch\/fr\/voitures-electriques\/trouver-des-bornes-de-recharge-application-tcs-echarge\/#breadcrumb","itemListElement":[{"@type":"ListItem","position":1,"name":"Startseite","item":"https:\/\/stage-autoshow.samuraidev.ch\/fr\/"},{"@type":"ListItem","position":2,"name":"Voitures \u00e9lectriques","item":"https:\/\/stage-autoshow.samuraidev.ch\/fr\/voitures-electriques\/"},{"@type":"ListItem","position":3,"name":"Trouver des bornes de recharge &#8211; Application TCS eCharge"}]},{"@type":"WebSite","@id":"https:\/\/stage-autoshow.samuraidev.ch\/fr\/#website","url":"https:\/\/stage-autoshow.samuraidev.ch\/fr\/","name":"Autoshow Aathal AG","description":"bei Uster bietet g\u00fcnstige Occasionen und Neuwagen","publisher":{"@id":"https:\/\/stage-autoshow.samuraidev.ch\/fr\/#organization"},"alternateName":"Autoshow Aathal","potentialAction":[{"@type":"SearchAction","target":{"@type":"EntryPoint","urlTemplate":"https:\/\/stage-autoshow.samuraidev.ch\/fr\/?s={search_term_string}"},"query-input":{"@type":"PropertyValueSpecification","valueRequired":true,"valueName":"search_term_string"}}],"inLanguage":"fr-FR"},{"@type":"Organization","@id":"https:\/\/stage-autoshow.samuraidev.ch\/fr\/#organization","name":"Autoshow Aathal AG","alternateName":"Autoshow Aathal","url":"https:\/\/stage-autoshow.samuraidev.ch\/fr\/","logo":{"@type":"ImageObject","inLanguage":"fr-FR","@id":"https:\/\/stage-autoshow.samuraidev.ch\/fr\/#\/schema\/logo\/image\/","url":"https:\/\/stage-autoshow.samuraidev.ch\/wp-content\/uploads\/2025\/12\/autoshow-aathal-ag-logo@696x696.png","contentUrl":"https:\/\/stage-autoshow.samuraidev.ch\/wp-content\/uploads\/2025\/12\/autoshow-aathal-ag-logo@696x696.png","width":696,"height":696,"caption":"Autoshow Aathal AG"},"image":{"@id":"https:\/\/stage-autoshow.samuraidev.ch\/fr\/#\/schema\/logo\/image\/"},"sameAs":["https:\/\/www.facebook.com\/autoshow.ch","https:\/\/www.instagram.com\/autoshow_aathal\/","https:\/\/www.linkedin.com\/company\/autoshow-aathal-ag","https:\/\/www.youtube.com\/user\/AutoshowAathal"]}]}},"_links":{"self":[{"href":"https:\/\/stage-autoshow.samuraidev.ch\/fr\/wp-json\/wp\/v2\/pages\/231568","targetHints":{"allow":["GET"]}}],"collection":[{"href":"https:\/\/stage-autoshow.samuraidev.ch\/fr\/wp-json\/wp\/v2\/pages"}],"about":[{"href":"https:\/\/stage-autoshow.samuraidev.ch\/fr\/wp-json\/wp\/v2\/types\/page"}],"author":[{"embeddable":true,"href":"https:\/\/stage-autoshow.samuraidev.ch\/fr\/wp-json\/wp\/v2\/users\/31"}],"replies":[{"embeddable":true,"href":"https:\/\/stage-autoshow.samuraidev.ch\/fr\/wp-json\/wp\/v2\/comments?post=231568"}],"version-history":[{"count":3,"href":"https:\/\/stage-autoshow.samuraidev.ch\/fr\/wp-json\/wp\/v2\/pages\/231568\/revisions"}],"predecessor-version":[{"id":232848,"href":"https:\/\/stage-autoshow.samuraidev.ch\/fr\/wp-json\/wp\/v2\/pages\/231568\/revisions\/232848"}],"up":[{"embeddable":true,"href":"https:\/\/stage-autoshow.samuraidev.ch\/fr\/wp-json\/wp\/v2\/pages\/226993"}],"wp:featuredmedia":[{"embeddable":true,"href":"https:\/\/stage-autoshow.samuraidev.ch\/fr\/wp-json\/wp\/v2\/media\/231573"}],"wp:attachment":[{"href":"https:\/\/stage-autoshow.samuraidev.ch\/fr\/wp-json\/wp\/v2\/media?parent=231568"}],"curies":[{"name":"wp","href":"https:\/\/api.w.org\/{rel}","templated":true}]}}